{"id":6076,"date":"2024-10-07T14:46:28","date_gmt":"2024-10-07T12:46:28","guid":{"rendered":"http:\/\/andreacujar.com\/boutique\/"},"modified":"2026-01-23T11:18:12","modified_gmt":"2026-01-23T10:18:12","slug":"bijoux-artisanaux-faits-main-boutique-andrea-cujar","status":"publish","type":"page","link":"https:\/\/andreacujar.com\/en_en\/bijoux-artisanaux-faits-main-boutique-andrea-cujar\/","title":{"rendered":"BOUTIQUE"},"content":{"rendered":"<div data-elementor-type=\"wp-page\" data-elementor-id=\"6076\" class=\"elementor elementor-6076\">\n\t\t\t\t<div class=\"elementor-element elementor-element-65428f0 e-flex e-con-boxed e-con e-parent\" data-id=\"65428f0\" data-element_type=\"container\" data-e-type=\"container\">\n\t\t\t\t\t<div class=\"e-con-inner\">\n\t\t\t\t<div class=\"elementor-element elementor-element-d21f8fb elementor-widget elementor-widget-text-editor\" data-id=\"d21f8fb\" data-element_type=\"widget\" data-e-type=\"widget\" data-widget_type=\"text-editor.default\">\n\t\t\t\t<div class=\"elementor-widget-container\">\n\t\t\t\t\t\t\t\t\t<p data-start=\"127\" data-end=\"156\"><strong data-start=\"127\" data-end=\"156\">International Orders<\/strong><\/p><p data-start=\"158\" data-end=\"303\"><strong>At the moment, online orders are available for France, Belgium and Luxembourg due to tax settings.<\/strong><\/p><p data-start=\"305\" data-end=\"496\"><strong>If you are visiting from another country and cannot complete your purchase, please feel free to contact me directly \u2014 I can happily send your chosen piece by post.<\/strong><\/p><p data-start=\"498\" data-end=\"610\"><strong>For international orders, questions or assistance, you can write to me at :<\/strong><br data-start=\"582\" data-end=\"585\" \/><a class=\"decorated-link cursor-pointer\" rel=\"noopener\" data-start=\"585\" data-end=\"608\">atelier@andreacujar.com<\/a><\/p><p data-start=\"612\" data-end=\"641\"><strong>I\u2019ll be delighted to help you.<\/strong><\/p>\t\t\t\t\t\t\t\t<\/div>\n\t\t\t\t<\/div>\n\t\t\t\t\t<\/div>\n\t\t\t\t<\/div>\n\t\t<div class=\"elementor-element elementor-element-280af02 e-flex e-con-boxed e-con e-parent\" data-id=\"280af02\" data-element_type=\"container\" data-e-type=\"container\">\n\t\t\t\t\t<div class=\"e-con-inner\">\n\t\t\t\t<div class=\"elementor-element elementor-element-0ab35a9 elementor-widget elementor-widget-heading\" data-id=\"0ab35a9\" data-element_type=\"widget\" data-e-type=\"widget\" data-widget_type=\"heading.default\">\n\t\t\t\t<div class=\"elementor-widget-container\">\n\t\t\t\t\t<h1 class=\"elementor-heading-title elementor-size-default\">BOUTIQUE<\/h1>\t\t\t\t<\/div>\n\t\t\t\t<\/div>\n\t\t\t\t<div class=\"elementor-element elementor-element-fa713a0 elementor-widget__width-initial elementor-widget elementor-widget-heading\" data-id=\"fa713a0\" data-element_type=\"widget\" data-e-type=\"widget\" data-widget_type=\"heading.default\">\n\t\t\t\t<div class=\"elementor-widget-container\">\n\t\t\t\t\t<h2 class=\"elementor-heading-title elementor-size-default\">Welcome to my boutique of handmade jewellery, where every piece tells a story.\n<\/h2>\t\t\t\t<\/div>\n\t\t\t\t<\/div>\n\t\t\t\t<div class=\"elementor-element elementor-element-5be78ec elementor-widget__width-initial elementor-widget elementor-widget-text-editor\" data-id=\"5be78ec\" data-element_type=\"widget\" data-e-type=\"widget\" data-widget_type=\"text-editor.default\">\n\t\t\t\t<div class=\"elementor-widget-container\">\n\t\t\t\t\t\t\t\t\t<p>Inspired by nature, distant landscapes and everyday emotions, I create unique and delicate jewellery in brass and silver, carefully crafted using traditional techniques.<br \/>Each collection reflects a facet of my world: from poetic botanicals to travel memories and little treasures to carry close to the heart.<br \/>Every piece is handmade with care in my workshop.<\/p>\t\t\t\t\t\t\t\t<\/div>\n\t\t\t\t<\/div>\n\t\t\t\t<div class=\"elementor-element elementor-element-ae92b20 elementor-widget elementor-widget-shopengine-filterable-product-list\" data-id=\"ae92b20\" data-element_type=\"widget\" data-e-type=\"widget\" data-widget_type=\"shopengine-filterable-product-list.default\">\n\t\t\t\t<div class=\"elementor-widget-container\">\n\t\t\t\t\t<div class=\"shopengine shopengine-widget\"><\/div>\t\t\t\t<\/div>\n\t\t\t\t<\/div>\n\t\t\t\t\t<\/div>\n\t\t\t\t<\/div>\n\t\t<div class=\"elementor-element elementor-element-d8c432d e-con-full e-flex e-con e-parent\" data-id=\"d8c432d\" data-element_type=\"container\" data-e-type=\"container\">\n\t\t<div class=\"elementor-element elementor-element-135fde3 e-con-full e-flex e-con e-child\" data-id=\"135fde3\" data-element_type=\"container\" data-e-type=\"container\">\n\t\t\t\t<\/div>\n\t\t\t\t<\/div>\n\t\t<div class=\"elementor-element elementor-element-1b4e3d6 e-con-full e-flex e-con e-parent\" data-id=\"1b4e3d6\" data-element_type=\"container\" data-e-type=\"container\">\n\t\t<div class=\"elementor-element elementor-element-b437191 e-con-full e-flex e-con e-child\" data-id=\"b437191\" data-element_type=\"container\" data-e-type=\"container\">\n\t\t\t\t<div class=\"elementor-element elementor-element-af5d947 elementor-button-info elementor-align-center elementor-mobile-align-center elementor-widget elementor-widget-button\" data-id=\"af5d947\" data-element_type=\"widget\" data-e-type=\"widget\" data-widget_type=\"button.default\">\n\t\t\t\t<div class=\"elementor-widget-container\">\n\t\t\t\t\t\t\t\t\t<div class=\"elementor-button-wrapper\">\n\t\t\t\t\t<a class=\"elementor-button elementor-button-link elementor-size-sm\" href=\"https:\/\/www.artisanat.fr\/\">\n\t\t\t\t\t\t<span class=\"elementor-button-content-wrapper\">\n\t\t\t\t\t\t\t\t\t<span class=\"elementor-button-text\">To learn more about the arts and crafts professions in France, visit the website of the Chamber of Trades and Crafts<\/span>\n\t\t\t\t\t<\/span>\n\t\t\t\t\t<\/a>\n\t\t\t\t<\/div>\n\t\t\t\t\t\t\t\t<\/div>\n\t\t\t\t<\/div>\n\t\t\t\t<div class=\"elementor-element elementor-element-b464315 elementor-button-info elementor-align-center elementor-widget elementor-widget-button\" data-id=\"b464315\" data-element_type=\"widget\" data-e-type=\"widget\" data-widget_type=\"button.default\">\n\t\t\t\t<div class=\"elementor-widget-container\">\n\t\t\t\t\t\t\t\t\t<div class=\"elementor-button-wrapper\">\n\t\t\t\t\t<a class=\"elementor-button elementor-button-link elementor-size-sm\" href=\"https:\/\/andreacujar.com\/en_en\/\">\n\t\t\t\t\t\t<span class=\"elementor-button-content-wrapper\">\n\t\t\t\t\t\t\t\t\t<span class=\"elementor-button-text\">Home page<\/span>\n\t\t\t\t\t<\/span>\n\t\t\t\t\t<\/a>\n\t\t\t\t<\/div>\n\t\t\t\t\t\t\t\t<\/div>\n\t\t\t\t<\/div>\n\t\t\t\t<div class=\"elementor-element elementor-element-4c77d6a elementor-button-info elementor-align-center elementor-widget elementor-widget-button\" data-id=\"4c77d6a\" data-element_type=\"widget\" data-e-type=\"widget\" data-widget_type=\"button.default\">\n\t\t\t\t<div class=\"elementor-widget-container\">\n\t\t\t\t\t\t\t\t\t<div class=\"elementor-button-wrapper\">\n\t\t\t\t\t<a class=\"elementor-button elementor-button-link elementor-size-sm\" href=\"https:\/\/andreacujar.com\/en_en\/ma-marque-bijoux-artisanaux\/\">\n\t\t\t\t\t\t<span class=\"elementor-button-content-wrapper\">\n\t\t\t\t\t\t\t\t\t<span class=\"elementor-button-text\">My Brand<\/span>\n\t\t\t\t\t<\/span>\n\t\t\t\t\t<\/a>\n\t\t\t\t<\/div>\n\t\t\t\t\t\t\t\t<\/div>\n\t\t\t\t<\/div>\n\t\t\t\t<div class=\"elementor-element elementor-element-e209d43 elementor-button-info elementor-align-center elementor-widget elementor-widget-button\" data-id=\"e209d43\" data-element_type=\"widget\" data-e-type=\"widget\" data-widget_type=\"button.default\">\n\t\t\t\t<div class=\"elementor-widget-container\">\n\t\t\t\t\t\t\t\t\t<div class=\"elementor-button-wrapper\">\n\t\t\t\t\t<a class=\"elementor-button elementor-button-link elementor-size-sm\" href=\"https:\/\/andreacujar.com\/en_en\/techniques-bijouterie-joaillerie\/\">\n\t\t\t\t\t\t<span class=\"elementor-button-content-wrapper\">\n\t\t\t\t\t\t\t\t\t<span class=\"elementor-button-text\">My Craftsmanship<\/span>\n\t\t\t\t\t<\/span>\n\t\t\t\t\t<\/a>\n\t\t\t\t<\/div>\n\t\t\t\t\t\t\t\t<\/div>\n\t\t\t\t<\/div>\n\t\t\t\t<\/div>\n\t\t\t\t<\/div>\n\t\t<div class=\"elementor-element elementor-element-584244a e-con-full e-flex e-con e-parent\" data-id=\"584244a\" data-element_type=\"container\" data-e-type=\"container\">\n\t\t<div class=\"elementor-element elementor-element-8c8b5d2 e-con-full e-flex e-con e-child\" data-id=\"8c8b5d2\" data-element_type=\"container\" data-e-type=\"container\">\n\t\t\t\t<div class=\"elementor-element elementor-element-bd5f434 elementor-button-info elementor-align-center elementor-widget elementor-widget-button\" data-id=\"bd5f434\" data-element_type=\"widget\" data-e-type=\"widget\" data-widget_type=\"button.default\">\n\t\t\t\t<div class=\"elementor-widget-container\">\n\t\t\t\t\t\t\t\t\t<div class=\"elementor-button-wrapper\">\n\t\t\t\t\t<a class=\"elementor-button elementor-button-link elementor-size-sm\" href=\"https:\/\/andreacujar.com\/en_en\/bijoux-artisanaux-laiton-argent\/\">\n\t\t\t\t\t\t<span class=\"elementor-button-content-wrapper\">\n\t\t\t\t\t\t\t\t\t<span class=\"elementor-button-text\">My Collections<\/span>\n\t\t\t\t\t<\/span>\n\t\t\t\t\t<\/a>\n\t\t\t\t<\/div>\n\t\t\t\t\t\t\t\t<\/div>\n\t\t\t\t<\/div>\n\t\t\t\t<div class=\"elementor-element elementor-element-f51e344 elementor-button-info elementor-align-center elementor-mobile-align-center elementor-widget elementor-widget-button\" data-id=\"f51e344\" data-element_type=\"widget\" data-e-type=\"widget\" data-widget_type=\"button.default\">\n\t\t\t\t<div class=\"elementor-widget-container\">\n\t\t\t\t\t\t\t\t\t<div class=\"elementor-button-wrapper\">\n\t\t\t\t\t<a class=\"elementor-button elementor-button-link elementor-size-sm\" href=\"https:\/\/andreacujar.com\/en_en\/bijoux-arbres-paris\/\">\n\t\t\t\t\t\t<span class=\"elementor-button-content-wrapper\">\n\t\t\t\t\t\t\t\t\t<span class=\"elementor-button-text\">The Trees of Paris <\/span>\n\t\t\t\t\t<\/span>\n\t\t\t\t\t<\/a>\n\t\t\t\t<\/div>\n\t\t\t\t\t\t\t\t<\/div>\n\t\t\t\t<\/div>\n\t\t\t\t<div class=\"elementor-element elementor-element-e202713 elementor-button-info elementor-align-center elementor-widget elementor-widget-button\" data-id=\"e202713\" data-element_type=\"widget\" data-e-type=\"widget\" data-widget_type=\"button.default\">\n\t\t\t\t<div class=\"elementor-widget-container\">\n\t\t\t\t\t\t\t\t\t<div class=\"elementor-button-wrapper\">\n\t\t\t\t\t<a class=\"elementor-button elementor-button-link elementor-size-sm\" href=\"https:\/\/andreacujar.com\/en_en\/collection-bijoux-inspiree-colombie\/\">\n\t\t\t\t\t\t<span class=\"elementor-button-content-wrapper\">\n\t\t\t\t\t\t\t\t\t<span class=\"elementor-button-text\">Colombian Landscapes<\/span>\n\t\t\t\t\t<\/span>\n\t\t\t\t\t<\/a>\n\t\t\t\t<\/div>\n\t\t\t\t\t\t\t\t<\/div>\n\t\t\t\t<\/div>\n\t\t\t\t<div class=\"elementor-element elementor-element-b22f134 elementor-button-info elementor-align-center elementor-widget elementor-widget-button\" data-id=\"b22f134\" data-element_type=\"widget\" data-e-type=\"widget\" data-widget_type=\"button.default\">\n\t\t\t\t<div class=\"elementor-widget-container\">\n\t\t\t\t\t\t\t\t\t<div class=\"elementor-button-wrapper\">\n\t\t\t\t\t<a class=\"elementor-button elementor-button-link elementor-size-sm\" href=\"https:\/\/andreacujar.com\/en_en\/collection-les-mots-magiques-bijoux-porte-bonheur\/\">\n\t\t\t\t\t\t<span class=\"elementor-button-content-wrapper\">\n\t\t\t\t\t\t\t\t\t<span class=\"elementor-button-text\">Magic words <\/span>\n\t\t\t\t\t<\/span>\n\t\t\t\t\t<\/a>\n\t\t\t\t<\/div>\n\t\t\t\t\t\t\t\t<\/div>\n\t\t\t\t<\/div>\n\t\t\t\t<div class=\"elementor-element elementor-element-3c8fc0d elementor-button-info elementor-align-center elementor-widget elementor-widget-button\" data-id=\"3c8fc0d\" data-element_type=\"widget\" data-e-type=\"widget\" data-widget_type=\"button.default\">\n\t\t\t\t<div class=\"elementor-widget-container\">\n\t\t\t\t\t\t\t\t\t<div class=\"elementor-button-wrapper\">\n\t\t\t\t\t<a class=\"elementor-button elementor-button-link elementor-size-sm\" href=\"https:\/\/andreacujar.com\/en_en\/bijoux-chocolat-chocofiserie\/\">\n\t\t\t\t\t\t<span class=\"elementor-button-content-wrapper\">\n\t\t\t\t\t\t\t\t\t<span class=\"elementor-button-text\">La Chocofiserie<\/span>\n\t\t\t\t\t<\/span>\n\t\t\t\t\t<\/a>\n\t\t\t\t<\/div>\n\t\t\t\t\t\t\t\t<\/div>\n\t\t\t\t<\/div>\n\t\t\t\t<\/div>\n\t\t\t\t<\/div>\n\t\t<div class=\"elementor-element elementor-element-0bcb7b9 e-flex e-con-boxed e-con e-parent\" data-id=\"0bcb7b9\" data-element_type=\"container\" data-e-type=\"container\">\n\t\t\t\t\t<div class=\"e-con-inner\">\n\t\t\t\t<div class=\"elementor-element elementor-element-d5f3722 elementor-widget elementor-widget-text-editor\" data-id=\"d5f3722\" data-element_type=\"widget\" data-e-type=\"widget\" data-widget_type=\"text-editor.default\">\n\t\t\t\t<div class=\"elementor-widget-container\">\n\t\t\t\t\t\t\t\t\t<p>Copyright \u00a9 2025 Nicolas Quimbayo, Photographer. All rights reserved.<\/p>\t\t\t\t\t\t\t\t<\/div>\n\t\t\t\t<\/div>\n\t\t\t\t\t<\/div>\n\t\t\t\t<\/div>\n\t\t\t\t<\/div>","protected":false},"excerpt":{"rendered":"<p>Commandes internationales Pour le moment, les commandes en ligne sont disponibles uniquement pour la France, la Belgique et le Luxembourg en raison des param\u00e8tres fiscaux. Si vous consultez mon site depuis un autre pays et ne pouvez pas finaliser votre achat, n\u2019h\u00e9sitez pas \u00e0 me contacter directement \u2014\u00a0 \u00a0 \u00a0je peux vous envoyer votre pi\u00e8ce [&hellip;]<\/p>\n","protected":false},"author":1,"featured_media":0,"parent":0,"menu_order":0,"comment_status":"closed","ping_status":"closed","template":"","meta":{"ocean_post_layout":"","ocean_both_sidebars_style":"","ocean_both_sidebars_content_width":0,"ocean_both_sidebars_sidebars_width":0,"ocean_sidebar":"","ocean_second_sidebar":"","ocean_disable_margins":"enable","ocean_add_body_class":"","ocean_shortcode_before_top_bar":"","ocean_shortcode_after_top_bar":"","ocean_shortcode_before_header":"","ocean_shortcode_after_header":"","ocean_has_shortcode":"","ocean_shortcode_after_title":"","ocean_shortcode_before_footer_widgets":"","ocean_shortcode_after_footer_widgets":"","ocean_shortcode_before_footer_bottom":"","ocean_shortcode_after_footer_bottom":"","ocean_display_top_bar":"default","ocean_display_header":"default","ocean_header_style":"","ocean_center_header_left_menu":"","ocean_custom_header_template":"","ocean_custom_logo":0,"ocean_custom_retina_logo":0,"ocean_custom_logo_max_width":0,"ocean_custom_logo_tablet_max_width":0,"ocean_custom_logo_mobile_max_width":0,"ocean_custom_logo_max_height":0,"ocean_custom_logo_tablet_max_height":0,"ocean_custom_logo_mobile_max_height":0,"ocean_header_custom_menu":"","ocean_menu_typo_font_family":"","ocean_menu_typo_font_subset":"","ocean_menu_typo_font_size":0,"ocean_menu_typo_font_size_tablet":0,"ocean_menu_typo_font_size_mobile":0,"ocean_menu_typo_font_size_unit":"px","ocean_menu_typo_font_weight":"","ocean_menu_typo_font_weight_tablet":"","ocean_menu_typo_font_weight_mobile":"","ocean_menu_typo_transform":"","ocean_menu_typo_transform_tablet":"","ocean_menu_typo_transform_mobile":"","ocean_menu_typo_line_height":0,"ocean_menu_typo_line_height_tablet":0,"ocean_menu_typo_line_height_mobile":0,"ocean_menu_typo_line_height_unit":"","ocean_menu_typo_spacing":0,"ocean_menu_typo_spacing_tablet":0,"ocean_menu_typo_spacing_mobile":0,"ocean_menu_typo_spacing_unit":"","ocean_menu_link_color":"","ocean_menu_link_color_hover":"","ocean_menu_link_color_active":"","ocean_menu_link_background":"","ocean_menu_link_hover_background":"","ocean_menu_link_active_background":"","ocean_menu_social_links_bg":"","ocean_menu_social_hover_links_bg":"","ocean_menu_social_links_color":"","ocean_menu_social_hover_links_color":"","ocean_disable_title":"default","ocean_disable_heading":"default","ocean_post_title":"","ocean_post_subheading":"","ocean_post_title_style":"","ocean_post_title_background_color":"","ocean_post_title_background":0,"ocean_post_title_bg_image_position":"","ocean_post_title_bg_image_attachment":"","ocean_post_title_bg_image_repeat":"","ocean_post_title_bg_image_size":"","ocean_post_title_height":0,"ocean_post_title_bg_overlay":0.5,"ocean_post_title_bg_overlay_color":"","ocean_disable_breadcrumbs":"default","ocean_breadcrumbs_color":"","ocean_breadcrumbs_separator_color":"","ocean_breadcrumbs_links_color":"","ocean_breadcrumbs_links_hover_color":"","ocean_display_footer_widgets":"default","ocean_display_footer_bottom":"default","ocean_custom_footer_template":"","footnotes":""},"class_list":["post-6076","page","type-page","status-publish","hentry","entry"],"yoast_head":"<!-- This site is optimized with the Yoast SEO plugin v27.4 - https:\/\/yoast.com\/product\/yoast-seo-wordpress\/ -->\n<title>Bijoux artisanaux faits main \u2013 Boutique Andrea CujarBOUTIQUE - ANDREA CUJAR<\/title>\n<meta name=\"description\" content=\"D\u00e9couvrez ma collection de bijoux artisanaux faits main en laiton et en argent. Des cr\u00e9ations uniques inspir\u00e9es par la nature, les voyages et\" \/>\n<meta name=\"robots\" content=\"index, follow, max-snippet:-1, max-image-preview:large, max-video-preview:-1\" \/>\n<link rel=\"canonical\" href=\"https:\/\/andreacujar.com\/en_en\/bijoux-artisanaux-faits-main-boutique-andrea-cujar\/\" \/>\n<meta property=\"og:locale\" content=\"en_GB\" \/>\n<meta property=\"og:type\" content=\"article\" \/>\n<meta property=\"og:title\" content=\"Bijoux artisanaux faits main \u2013 Boutique Andrea CujarBOUTIQUE - ANDREA CUJAR\" \/>\n<meta property=\"og:description\" content=\"D\u00e9couvrez ma collection de bijoux artisanaux faits main en laiton et en argent. Des cr\u00e9ations uniques inspir\u00e9es par la nature, les voyages et\" \/>\n<meta property=\"og:url\" content=\"https:\/\/andreacujar.com\/en_en\/bijoux-artisanaux-faits-main-boutique-andrea-cujar\/\" \/>\n<meta property=\"og:site_name\" content=\"ANDREA CUJAR\" \/>\n<meta property=\"article:modified_time\" content=\"2026-01-23T10:18:12+00:00\" \/>\n<meta property=\"og:image\" content=\"https:\/\/andreacujar.com\/wp-content\/uploads\/2025\/01\/Mot-magique-pour-que-vos-souhaits-soient-exauces-face.jpg\" \/>\n<meta name=\"twitter:card\" content=\"summary_large_image\" \/>\n<meta name=\"twitter:label1\" content=\"Estimated reading time\" \/>\n\t<meta name=\"twitter:data1\" content=\"1 minute\" \/>\n<script type=\"application\/ld+json\" class=\"yoast-schema-graph\">{\"@context\":\"https:\\\/\\\/schema.org\",\"@graph\":[{\"@type\":\"WebPage\",\"@id\":\"https:\\\/\\\/andreacujar.com\\\/bijoux-artisanaux-faits-main-boutique-andrea-cujar\\\/\",\"url\":\"https:\\\/\\\/andreacujar.com\\\/bijoux-artisanaux-faits-main-boutique-andrea-cujar\\\/\",\"name\":\"Bijoux artisanaux faits main \u2013 Boutique Andrea CujarBOUTIQUE - ANDREA CUJAR\",\"isPartOf\":{\"@id\":\"https:\\\/\\\/andreacujar.com\\\/#website\"},\"primaryImageOfPage\":{\"@id\":\"https:\\\/\\\/andreacujar.com\\\/bijoux-artisanaux-faits-main-boutique-andrea-cujar\\\/#primaryimage\"},\"image\":{\"@id\":\"https:\\\/\\\/andreacujar.com\\\/bijoux-artisanaux-faits-main-boutique-andrea-cujar\\\/#primaryimage\"},\"thumbnailUrl\":\"https:\\\/\\\/andreacujar.com\\\/wp-content\\\/uploads\\\/2025\\\/01\\\/Mot-magique-pour-que-vos-souhaits-soient-exauces-face.jpg\",\"datePublished\":\"2024-10-07T12:46:28+00:00\",\"dateModified\":\"2026-01-23T10:18:12+00:00\",\"description\":\"D\u00e9couvrez ma collection de bijoux artisanaux faits main en laiton et en argent. Des cr\u00e9ations uniques inspir\u00e9es par la nature, les voyages et\",\"breadcrumb\":{\"@id\":\"https:\\\/\\\/andreacujar.com\\\/bijoux-artisanaux-faits-main-boutique-andrea-cujar\\\/#breadcrumb\"},\"inLanguage\":\"en-GB\",\"potentialAction\":[{\"@type\":\"ReadAction\",\"target\":[\"https:\\\/\\\/andreacujar.com\\\/bijoux-artisanaux-faits-main-boutique-andrea-cujar\\\/\"]}]},{\"@type\":\"ImageObject\",\"inLanguage\":\"en-GB\",\"@id\":\"https:\\\/\\\/andreacujar.com\\\/bijoux-artisanaux-faits-main-boutique-andrea-cujar\\\/#primaryimage\",\"url\":\"https:\\\/\\\/andreacujar.com\\\/wp-content\\\/uploads\\\/2025\\\/01\\\/Mot-magique-pour-que-vos-souhaits-soient-exauces-face.jpg\",\"contentUrl\":\"https:\\\/\\\/andreacujar.com\\\/wp-content\\\/uploads\\\/2025\\\/01\\\/Mot-magique-pour-que-vos-souhaits-soient-exauces-face.jpg\"},{\"@type\":\"BreadcrumbList\",\"@id\":\"https:\\\/\\\/andreacujar.com\\\/bijoux-artisanaux-faits-main-boutique-andrea-cujar\\\/#breadcrumb\",\"itemListElement\":[{\"@type\":\"ListItem\",\"position\":1,\"name\":\"Accueil\",\"item\":\"https:\\\/\\\/andreacujar.com\\\/fr_fr\\\/\"},{\"@type\":\"ListItem\",\"position\":2,\"name\":\"BOUTIQUE\"}]},{\"@type\":\"WebSite\",\"@id\":\"https:\\\/\\\/andreacujar.com\\\/#website\",\"url\":\"https:\\\/\\\/andreacujar.com\\\/\",\"name\":\"ANDREA CUJAR\",\"description\":\"Artisan Bijoutier\",\"potentialAction\":[{\"@type\":\"SearchAction\",\"target\":{\"@type\":\"EntryPoint\",\"urlTemplate\":\"https:\\\/\\\/andreacujar.com\\\/?s={search_term_string}\"},\"query-input\":{\"@type\":\"PropertyValueSpecification\",\"valueRequired\":true,\"valueName\":\"search_term_string\"}}],\"inLanguage\":\"en-GB\"}]}<\/script>\n<!-- \/ Yoast SEO plugin. -->","yoast_head_json":{"title":"Bijoux artisanaux faits main \u2013 Boutique Andrea CujarBOUTIQUE - ANDREA CUJAR","description":"D\u00e9couvrez ma collection de bijoux artisanaux faits main en laiton et en argent. Des cr\u00e9ations uniques inspir\u00e9es par la nature, les voyages et","robots":{"index":"index","follow":"follow","max-snippet":"max-snippet:-1","max-image-preview":"max-image-preview:large","max-video-preview":"max-video-preview:-1"},"canonical":"https:\/\/andreacujar.com\/en_en\/bijoux-artisanaux-faits-main-boutique-andrea-cujar\/","og_locale":"en_GB","og_type":"article","og_title":"Bijoux artisanaux faits main \u2013 Boutique Andrea CujarBOUTIQUE - ANDREA CUJAR","og_description":"D\u00e9couvrez ma collection de bijoux artisanaux faits main en laiton et en argent. Des cr\u00e9ations uniques inspir\u00e9es par la nature, les voyages et","og_url":"https:\/\/andreacujar.com\/en_en\/bijoux-artisanaux-faits-main-boutique-andrea-cujar\/","og_site_name":"ANDREA CUJAR","article_modified_time":"2026-01-23T10:18:12+00:00","og_image":[{"url":"https:\/\/andreacujar.com\/wp-content\/uploads\/2025\/01\/Mot-magique-pour-que-vos-souhaits-soient-exauces-face.jpg","type":"","width":"","height":""}],"twitter_card":"summary_large_image","twitter_misc":{"Estimated reading time":"1 minute"},"schema":{"@context":"https:\/\/schema.org","@graph":[{"@type":"WebPage","@id":"https:\/\/andreacujar.com\/bijoux-artisanaux-faits-main-boutique-andrea-cujar\/","url":"https:\/\/andreacujar.com\/bijoux-artisanaux-faits-main-boutique-andrea-cujar\/","name":"Bijoux artisanaux faits main \u2013 Boutique Andrea CujarBOUTIQUE - ANDREA CUJAR","isPartOf":{"@id":"https:\/\/andreacujar.com\/#website"},"primaryImageOfPage":{"@id":"https:\/\/andreacujar.com\/bijoux-artisanaux-faits-main-boutique-andrea-cujar\/#primaryimage"},"image":{"@id":"https:\/\/andreacujar.com\/bijoux-artisanaux-faits-main-boutique-andrea-cujar\/#primaryimage"},"thumbnailUrl":"https:\/\/andreacujar.com\/wp-content\/uploads\/2025\/01\/Mot-magique-pour-que-vos-souhaits-soient-exauces-face.jpg","datePublished":"2024-10-07T12:46:28+00:00","dateModified":"2026-01-23T10:18:12+00:00","description":"D\u00e9couvrez ma collection de bijoux artisanaux faits main en laiton et en argent. Des cr\u00e9ations uniques inspir\u00e9es par la nature, les voyages et","breadcrumb":{"@id":"https:\/\/andreacujar.com\/bijoux-artisanaux-faits-main-boutique-andrea-cujar\/#breadcrumb"},"inLanguage":"en-GB","potentialAction":[{"@type":"ReadAction","target":["https:\/\/andreacujar.com\/bijoux-artisanaux-faits-main-boutique-andrea-cujar\/"]}]},{"@type":"ImageObject","inLanguage":"en-GB","@id":"https:\/\/andreacujar.com\/bijoux-artisanaux-faits-main-boutique-andrea-cujar\/#primaryimage","url":"https:\/\/andreacujar.com\/wp-content\/uploads\/2025\/01\/Mot-magique-pour-que-vos-souhaits-soient-exauces-face.jpg","contentUrl":"https:\/\/andreacujar.com\/wp-content\/uploads\/2025\/01\/Mot-magique-pour-que-vos-souhaits-soient-exauces-face.jpg"},{"@type":"BreadcrumbList","@id":"https:\/\/andreacujar.com\/bijoux-artisanaux-faits-main-boutique-andrea-cujar\/#breadcrumb","itemListElement":[{"@type":"ListItem","position":1,"name":"Accueil","item":"https:\/\/andreacujar.com\/fr_fr\/"},{"@type":"ListItem","position":2,"name":"BOUTIQUE"}]},{"@type":"WebSite","@id":"https:\/\/andreacujar.com\/#website","url":"https:\/\/andreacujar.com\/","name":"ANDREA CUJAR","description":"Artisan Bijoutier","potentialAction":[{"@type":"SearchAction","target":{"@type":"EntryPoint","urlTemplate":"https:\/\/andreacujar.com\/?s={search_term_string}"},"query-input":{"@type":"PropertyValueSpecification","valueRequired":true,"valueName":"search_term_string"}}],"inLanguage":"en-GB"}]}},"_links":{"self":[{"href":"https:\/\/andreacujar.com\/en_en\/wp-json\/wp\/v2\/pages\/6076","targetHints":{"allow":["GET"]}}],"collection":[{"href":"https:\/\/andreacujar.com\/en_en\/wp-json\/wp\/v2\/pages"}],"about":[{"href":"https:\/\/andreacujar.com\/en_en\/wp-json\/wp\/v2\/types\/page"}],"author":[{"embeddable":true,"href":"https:\/\/andreacujar.com\/en_en\/wp-json\/wp\/v2\/users\/1"}],"replies":[{"embeddable":true,"href":"https:\/\/andreacujar.com\/en_en\/wp-json\/wp\/v2\/comments?post=6076"}],"version-history":[{"count":104,"href":"https:\/\/andreacujar.com\/en_en\/wp-json\/wp\/v2\/pages\/6076\/revisions"}],"predecessor-version":[{"id":8442,"href":"https:\/\/andreacujar.com\/en_en\/wp-json\/wp\/v2\/pages\/6076\/revisions\/8442"}],"wp:attachment":[{"href":"https:\/\/andreacujar.com\/en_en\/wp-json\/wp\/v2\/media?parent=6076"}],"curies":[{"name":"wp","href":"https:\/\/api.w.org\/{rel}","templated":true}]}}