{"id":7455,"date":"2024-12-08T01:28:27","date_gmt":"2024-12-08T00:28:27","guid":{"rendered":"https:\/\/andreacujar.com\/?post_type=product&#038;p=7455"},"modified":"2025-11-14T00:13:28","modified_gmt":"2025-11-13T23:13:28","slug":"sautoir-le-paysage-de-tibacuy","status":"publish","type":"product","link":"https:\/\/andreacujar.com\/en_en\/product\/sautoir-le-paysage-de-tibacuy\/","title":{"rendered":"Long necklace \u201cThe Landscape of Tibacuy\u201d"},"content":{"rendered":"","protected":false},"excerpt":{"rendered":"<p>A brass necklace plated with 3-micron gold, adorned with a carved pendant measuring 4 x 4.5 x 1 cm. Seen from the front, it depicts the landscape of the Cundinamarca mountains, located two hours from Bogot\u00e1, Colombia. Inspired by the reliefs and lush nature of Tibacuy, this piece captures the beauty and serenity of the area. It comes with a matching 75 cm chain, including an extension chain. Limited edition, each piece is unique.<\/p>","protected":false},"featured_media":5962,"comment_status":"open","ping_status":"closed","template":"","meta":{"ocean_post_layout":"","ocean_both_sidebars_style":"","ocean_both_sidebars_content_width":0,"ocean_both_sidebars_sidebars_width":0,"ocean_sidebar":"0","ocean_second_sidebar":"0","ocean_disable_margins":"enable","ocean_add_body_class":"","ocean_shortcode_before_top_bar":"","ocean_shortcode_after_top_bar":"","ocean_shortcode_before_header":"","ocean_shortcode_after_header":"","ocean_has_shortcode":"","ocean_shortcode_after_title":"","ocean_shortcode_before_footer_widgets":"","ocean_shortcode_after_footer_widgets":"","ocean_shortcode_before_footer_bottom":"","ocean_shortcode_after_footer_bottom":"","ocean_display_top_bar":"default","ocean_display_header":"default","ocean_header_style":"","ocean_center_header_left_menu":"0","ocean_custom_header_template":"0","ocean_custom_logo":0,"ocean_custom_retina_logo":0,"ocean_custom_logo_max_width":0,"ocean_custom_logo_tablet_max_width":0,"ocean_custom_logo_mobile_max_width":0,"ocean_custom_logo_max_height":0,"ocean_custom_logo_tablet_max_height":0,"ocean_custom_logo_mobile_max_height":0,"ocean_header_custom_menu":"0","ocean_menu_typo_font_family":"0","ocean_menu_typo_font_subset":"","ocean_menu_typo_font_size":0,"ocean_menu_typo_font_size_tablet":0,"ocean_menu_typo_font_size_mobile":0,"ocean_menu_typo_font_size_unit":"px","ocean_menu_typo_font_weight":"","ocean_menu_typo_font_weight_tablet":"","ocean_menu_typo_font_weight_mobile":"","ocean_menu_typo_transform":"","ocean_menu_typo_transform_tablet":"","ocean_menu_typo_transform_mobile":"","ocean_menu_typo_line_height":0,"ocean_menu_typo_line_height_tablet":0,"ocean_menu_typo_line_height_mobile":0,"ocean_menu_typo_line_height_unit":"","ocean_menu_typo_spacing":0,"ocean_menu_typo_spacing_tablet":0,"ocean_menu_typo_spacing_mobile":0,"ocean_menu_typo_spacing_unit":"","ocean_menu_link_color":"","ocean_menu_link_color_hover":"","ocean_menu_link_color_active":"","ocean_menu_link_background":"","ocean_menu_link_hover_background":"","ocean_menu_link_active_background":"","ocean_menu_social_links_bg":"","ocean_menu_social_hover_links_bg":"","ocean_menu_social_links_color":"","ocean_menu_social_hover_links_color":"","ocean_disable_title":"default","ocean_disable_heading":"default","ocean_post_title":"","ocean_post_subheading":"","ocean_post_title_style":"","ocean_post_title_background_color":"","ocean_post_title_background":0,"ocean_post_title_bg_image_position":"","ocean_post_title_bg_image_attachment":"","ocean_post_title_bg_image_repeat":"","ocean_post_title_bg_image_size":"","ocean_post_title_height":0,"ocean_post_title_bg_overlay":0.5,"ocean_post_title_bg_overlay_color":"","ocean_disable_breadcrumbs":"default","ocean_breadcrumbs_color":"","ocean_breadcrumbs_separator_color":"","ocean_breadcrumbs_links_color":"","ocean_breadcrumbs_links_hover_color":"","ocean_display_footer_widgets":"default","ocean_display_footer_bottom":"default","ocean_custom_footer_template":"0"},"product_brand":[],"product_cat":[44],"product_tag":[56],"class_list":{"0":"post-7455","1":"product","2":"type-product","3":"status-publish","4":"has-post-thumbnail","6":"product_cat-collection-paysages-colombiens","7":"product_tag-sautoir-le-paysage-de-tibacuy","8":"entry","9":"has-media","11":"first","12":"instock","13":"shipping-taxable","14":"purchasable","15":"product-type-simple"},"yoast_head":"<!-- This site is optimized with the Yoast SEO plugin v27.3 - https:\/\/yoast.com\/product\/yoast-seo-wordpress\/ -->\n<title>Sautoir Le Paysage de Tibacuy \u2013 Bijou inspir\u00e9 des montagnes colombiennes<\/title>\n<meta name=\"description\" content=\"D\u00e9couvrez le sautoir Le Paysage de Tibacuy, un bijou en laiton dor\u00e9 3 microns, finement cisel\u00e9 pour repr\u00e9senter les montagnes luxuriantes de Cundinamarca. Une pi\u00e8ce unique, po\u00e9tique et inspir\u00e9e de la nature colombienne.\" \/>\n<meta name=\"robots\" content=\"index, follow, max-snippet:-1, max-image-preview:large, max-video-preview:-1\" \/>\n<link rel=\"canonical\" href=\"https:\/\/andreacujar.com\/en_en\/product\/sautoir-le-paysage-de-tibacuy\/\" \/>\n<meta property=\"og:locale\" content=\"en_GB\" \/>\n<meta property=\"og:type\" content=\"article\" \/>\n<meta property=\"og:title\" content=\"Sautoir Le Paysage de Tibacuy \u2013 Bijou inspir\u00e9 des montagnes colombiennes\" \/>\n<meta property=\"og:description\" content=\"D\u00e9couvrez le sautoir Le Paysage de Tibacuy, un bijou en laiton dor\u00e9 3 microns, finement cisel\u00e9 pour repr\u00e9senter les montagnes luxuriantes de Cundinamarca. Une pi\u00e8ce unique, po\u00e9tique et inspir\u00e9e de la nature colombienne.\" \/>\n<meta property=\"og:url\" content=\"https:\/\/andreacujar.com\/en_en\/product\/sautoir-le-paysage-de-tibacuy\/\" \/>\n<meta property=\"og:site_name\" content=\"ANDREA CUJAR\" \/>\n<meta property=\"article:modified_time\" content=\"2025-11-13T23:13:28+00:00\" \/>\n<meta property=\"og:image\" content=\"https:\/\/andreacujar.com\/wp-content\/uploads\/2024\/09\/Oro-clasico-fondo-gris.webp\" \/>\n\t<meta property=\"og:image:width\" content=\"700\" \/>\n\t<meta property=\"og:image:height\" content=\"700\" \/>\n\t<meta property=\"og:image:type\" content=\"image\/webp\" \/>\n<meta name=\"twitter:card\" content=\"summary_large_image\" \/>\n<meta name=\"twitter:label1\" content=\"Estimated reading time\" \/>\n\t<meta name=\"twitter:data1\" content=\"1 minute\" \/>\n<script type=\"application\/ld+json\" class=\"yoast-schema-graph\">{\"@context\":\"https:\\\/\\\/schema.org\",\"@graph\":[{\"@type\":\"WebPage\",\"@id\":\"https:\\\/\\\/andreacujar.com\\\/fr_fr\\\/produit\\\/sautoir-le-paysage-de-tibacuy\\\/\",\"url\":\"https:\\\/\\\/andreacujar.com\\\/fr_fr\\\/produit\\\/sautoir-le-paysage-de-tibacuy\\\/\",\"name\":\"Sautoir Le Paysage de Tibacuy \u2013 Bijou inspir\u00e9 des montagnes colombiennes\",\"isPartOf\":{\"@id\":\"https:\\\/\\\/andreacujar.com\\\/#website\"},\"primaryImageOfPage\":{\"@id\":\"https:\\\/\\\/andreacujar.com\\\/fr_fr\\\/produit\\\/sautoir-le-paysage-de-tibacuy\\\/#primaryimage\"},\"image\":{\"@id\":\"https:\\\/\\\/andreacujar.com\\\/fr_fr\\\/produit\\\/sautoir-le-paysage-de-tibacuy\\\/#primaryimage\"},\"thumbnailUrl\":\"https:\\\/\\\/andreacujar.com\\\/wp-content\\\/uploads\\\/2024\\\/09\\\/Oro-clasico-fondo-gris.webp\",\"datePublished\":\"2024-12-08T00:28:27+00:00\",\"dateModified\":\"2025-11-13T23:13:28+00:00\",\"description\":\"D\u00e9couvrez le sautoir Le Paysage de Tibacuy, un bijou en laiton dor\u00e9 3 microns, finement cisel\u00e9 pour repr\u00e9senter les montagnes luxuriantes de Cundinamarca. Une pi\u00e8ce unique, po\u00e9tique et inspir\u00e9e de la nature colombienne.\",\"breadcrumb\":{\"@id\":\"https:\\\/\\\/andreacujar.com\\\/fr_fr\\\/produit\\\/sautoir-le-paysage-de-tibacuy\\\/#breadcrumb\"},\"inLanguage\":\"en-GB\",\"potentialAction\":[{\"@type\":\"ReadAction\",\"target\":[\"https:\\\/\\\/andreacujar.com\\\/fr_fr\\\/produit\\\/sautoir-le-paysage-de-tibacuy\\\/\"]}]},{\"@type\":\"ImageObject\",\"inLanguage\":\"en-GB\",\"@id\":\"https:\\\/\\\/andreacujar.com\\\/fr_fr\\\/produit\\\/sautoir-le-paysage-de-tibacuy\\\/#primaryimage\",\"url\":\"https:\\\/\\\/andreacujar.com\\\/wp-content\\\/uploads\\\/2024\\\/09\\\/Oro-clasico-fondo-gris.webp\",\"contentUrl\":\"https:\\\/\\\/andreacujar.com\\\/wp-content\\\/uploads\\\/2024\\\/09\\\/Oro-clasico-fondo-gris.webp\",\"width\":700,\"height\":700,\"caption\":\"Collection Paysages Colombiens\"},{\"@type\":\"BreadcrumbList\",\"@id\":\"https:\\\/\\\/andreacujar.com\\\/fr_fr\\\/produit\\\/sautoir-le-paysage-de-tibacuy\\\/#breadcrumb\",\"itemListElement\":[{\"@type\":\"ListItem\",\"position\":1,\"name\":\"Accueil\",\"item\":\"https:\\\/\\\/andreacujar.com\\\/fr_fr\\\/\"},{\"@type\":\"ListItem\",\"position\":2,\"name\":\"Produits\",\"item\":\"https:\\\/\\\/andreacujar.com\\\/fr_fr\\\/shop\\\/\"},{\"@type\":\"ListItem\",\"position\":3,\"name\":\"Sautoir \u00ab\u00a0Le Paysage de Tibacuy\u00a0\u00bb\"}]},{\"@type\":\"WebSite\",\"@id\":\"https:\\\/\\\/andreacujar.com\\\/#website\",\"url\":\"https:\\\/\\\/andreacujar.com\\\/\",\"name\":\"ANDREA CUJAR\",\"description\":\"Artisan Bijoutier\",\"potentialAction\":[{\"@type\":\"SearchAction\",\"target\":{\"@type\":\"EntryPoint\",\"urlTemplate\":\"https:\\\/\\\/andreacujar.com\\\/?s={search_term_string}\"},\"query-input\":{\"@type\":\"PropertyValueSpecification\",\"valueRequired\":true,\"valueName\":\"search_term_string\"}}],\"inLanguage\":\"en-GB\"}]}<\/script>\n<!-- \/ Yoast SEO plugin. -->","yoast_head_json":{"title":"Sautoir Le Paysage de Tibacuy \u2013 Bijou inspir\u00e9 des montagnes colombiennes","description":"D\u00e9couvrez le sautoir Le Paysage de Tibacuy, un bijou en laiton dor\u00e9 3 microns, finement cisel\u00e9 pour repr\u00e9senter les montagnes luxuriantes de Cundinamarca. Une pi\u00e8ce unique, po\u00e9tique et inspir\u00e9e de la nature colombienne.","robots":{"index":"index","follow":"follow","max-snippet":"max-snippet:-1","max-image-preview":"max-image-preview:large","max-video-preview":"max-video-preview:-1"},"canonical":"https:\/\/andreacujar.com\/en_en\/product\/sautoir-le-paysage-de-tibacuy\/","og_locale":"en_GB","og_type":"article","og_title":"Sautoir Le Paysage de Tibacuy \u2013 Bijou inspir\u00e9 des montagnes colombiennes","og_description":"D\u00e9couvrez le sautoir Le Paysage de Tibacuy, un bijou en laiton dor\u00e9 3 microns, finement cisel\u00e9 pour repr\u00e9senter les montagnes luxuriantes de Cundinamarca. Une pi\u00e8ce unique, po\u00e9tique et inspir\u00e9e de la nature colombienne.","og_url":"https:\/\/andreacujar.com\/en_en\/product\/sautoir-le-paysage-de-tibacuy\/","og_site_name":"ANDREA CUJAR","article_modified_time":"2025-11-13T23:13:28+00:00","og_image":[{"width":700,"height":700,"url":"https:\/\/andreacujar.com\/wp-content\/uploads\/2024\/09\/Oro-clasico-fondo-gris.webp","type":"image\/webp"}],"twitter_card":"summary_large_image","twitter_misc":{"Estimated reading time":"1 minute"},"schema":{"@context":"https:\/\/schema.org","@graph":[{"@type":"WebPage","@id":"https:\/\/andreacujar.com\/fr_fr\/produit\/sautoir-le-paysage-de-tibacuy\/","url":"https:\/\/andreacujar.com\/fr_fr\/produit\/sautoir-le-paysage-de-tibacuy\/","name":"Sautoir Le Paysage de Tibacuy \u2013 Bijou inspir\u00e9 des montagnes colombiennes","isPartOf":{"@id":"https:\/\/andreacujar.com\/#website"},"primaryImageOfPage":{"@id":"https:\/\/andreacujar.com\/fr_fr\/produit\/sautoir-le-paysage-de-tibacuy\/#primaryimage"},"image":{"@id":"https:\/\/andreacujar.com\/fr_fr\/produit\/sautoir-le-paysage-de-tibacuy\/#primaryimage"},"thumbnailUrl":"https:\/\/andreacujar.com\/wp-content\/uploads\/2024\/09\/Oro-clasico-fondo-gris.webp","datePublished":"2024-12-08T00:28:27+00:00","dateModified":"2025-11-13T23:13:28+00:00","description":"D\u00e9couvrez le sautoir Le Paysage de Tibacuy, un bijou en laiton dor\u00e9 3 microns, finement cisel\u00e9 pour repr\u00e9senter les montagnes luxuriantes de Cundinamarca. Une pi\u00e8ce unique, po\u00e9tique et inspir\u00e9e de la nature colombienne.","breadcrumb":{"@id":"https:\/\/andreacujar.com\/fr_fr\/produit\/sautoir-le-paysage-de-tibacuy\/#breadcrumb"},"inLanguage":"en-GB","potentialAction":[{"@type":"ReadAction","target":["https:\/\/andreacujar.com\/fr_fr\/produit\/sautoir-le-paysage-de-tibacuy\/"]}]},{"@type":"ImageObject","inLanguage":"en-GB","@id":"https:\/\/andreacujar.com\/fr_fr\/produit\/sautoir-le-paysage-de-tibacuy\/#primaryimage","url":"https:\/\/andreacujar.com\/wp-content\/uploads\/2024\/09\/Oro-clasico-fondo-gris.webp","contentUrl":"https:\/\/andreacujar.com\/wp-content\/uploads\/2024\/09\/Oro-clasico-fondo-gris.webp","width":700,"height":700,"caption":"Collection Paysages Colombiens"},{"@type":"BreadcrumbList","@id":"https:\/\/andreacujar.com\/fr_fr\/produit\/sautoir-le-paysage-de-tibacuy\/#breadcrumb","itemListElement":[{"@type":"ListItem","position":1,"name":"Accueil","item":"https:\/\/andreacujar.com\/fr_fr\/"},{"@type":"ListItem","position":2,"name":"Produits","item":"https:\/\/andreacujar.com\/fr_fr\/shop\/"},{"@type":"ListItem","position":3,"name":"Sautoir \u00ab\u00a0Le Paysage de Tibacuy\u00a0\u00bb"}]},{"@type":"WebSite","@id":"https:\/\/andreacujar.com\/#website","url":"https:\/\/andreacujar.com\/","name":"ANDREA CUJAR","description":"Artisan Bijoutier","potentialAction":[{"@type":"SearchAction","target":{"@type":"EntryPoint","urlTemplate":"https:\/\/andreacujar.com\/?s={search_term_string}"},"query-input":{"@type":"PropertyValueSpecification","valueRequired":true,"valueName":"search_term_string"}}],"inLanguage":"en-GB"}]}},"_links":{"self":[{"href":"https:\/\/andreacujar.com\/en_en\/wp-json\/wp\/v2\/product\/7455","targetHints":{"allow":["GET"]}}],"collection":[{"href":"https:\/\/andreacujar.com\/en_en\/wp-json\/wp\/v2\/product"}],"about":[{"href":"https:\/\/andreacujar.com\/en_en\/wp-json\/wp\/v2\/types\/product"}],"replies":[{"embeddable":true,"href":"https:\/\/andreacujar.com\/en_en\/wp-json\/wp\/v2\/comments?post=7455"}],"version-history":[{"count":1,"href":"https:\/\/andreacujar.com\/en_en\/wp-json\/wp\/v2\/product\/7455\/revisions"}],"predecessor-version":[{"id":8368,"href":"https:\/\/andreacujar.com\/en_en\/wp-json\/wp\/v2\/product\/7455\/revisions\/8368"}],"wp:featuredmedia":[{"embeddable":true,"href":"https:\/\/andreacujar.com\/en_en\/wp-json\/wp\/v2\/media\/5962"}],"wp:attachment":[{"href":"https:\/\/andreacujar.com\/en_en\/wp-json\/wp\/v2\/media?parent=7455"}],"wp:term":[{"taxonomy":"product_brand","embeddable":true,"href":"https:\/\/andreacujar.com\/en_en\/wp-json\/wp\/v2\/product_brand?post=7455"},{"taxonomy":"product_cat","embeddable":true,"href":"https:\/\/andreacujar.com\/en_en\/wp-json\/wp\/v2\/product_cat?post=7455"},{"taxonomy":"product_tag","embeddable":true,"href":"https:\/\/andreacujar.com\/en_en\/wp-json\/wp\/v2\/product_tag?post=7455"}],"curies":[{"name":"wp","href":"https:\/\/api.w.org\/{rel}","templated":true}]}}