{"id":2524,"date":"2024-07-05T12:38:17","date_gmt":"2024-07-05T10:38:17","guid":{"rendered":"http:\/\/andreacujar.com\/?page_id=2524"},"modified":"2025-05-29T17:32:34","modified_gmt":"2025-05-29T15:32:34","slug":"contactez-moi","status":"publish","type":"page","link":"https:\/\/andreacujar.com\/fr_fr\/contactez-moi\/","title":{"rendered":"CONTACTEZ-MOI"},"content":{"rendered":"\t\t<div data-elementor-type=\"wp-page\" data-elementor-id=\"2524\" class=\"elementor elementor-2524\">\n\t\t\t\t<div class=\"elementor-element elementor-element-e167674 e-flex e-con-boxed e-con e-parent\" data-id=\"e167674\" data-element_type=\"container\" data-e-type=\"container\">\n\t\t\t\t\t<div class=\"e-con-inner\">\n\t\t<div class=\"elementor-element elementor-element-0d59d89 e-con-full e-flex e-con e-child\" data-id=\"0d59d89\" data-element_type=\"container\" data-e-type=\"container\">\n\t\t\t\t<div class=\"elementor-element elementor-element-f4cff9a elementor-widget elementor-widget-heading\" data-id=\"f4cff9a\" data-element_type=\"widget\" data-e-type=\"widget\" data-widget_type=\"heading.default\">\n\t\t\t\t<div class=\"elementor-widget-container\">\n\t\t\t\t\t<h1 class=\"elementor-heading-title elementor-size-default\">Formulaire de contact <\/h1>\t\t\t\t<\/div>\n\t\t\t\t<\/div>\n\t\t\t\t<\/div>\n\t\t\t\t\t<\/div>\n\t\t\t\t<\/div>\n\t\t<div class=\"elementor-element elementor-element-2e6f055 e-flex e-con-boxed e-con e-parent\" data-id=\"2e6f055\" data-element_type=\"container\" data-e-type=\"container\">\n\t\t\t\t\t<div class=\"e-con-inner\">\n\t\t\t\t<div class=\"elementor-element elementor-element-1a44246 elementor-widget__width-initial elementor-widget elementor-widget-wpforms\" data-id=\"1a44246\" data-element_type=\"widget\" data-e-type=\"widget\" data-widget_type=\"wpforms.default\">\n\t\t\t\t<div class=\"elementor-widget-container\">\n\t\t\t\t\t<style id=\"wpforms-css-vars-elementor-widget-1a44246\">\n\t\t\t\t.elementor-widget-wpforms.elementor-element-1a44246 {\n\t\t\t\t--wpforms-button-background-color: #0C824B;\n--wpforms-label-color: #0B3141;\n\t\t\t}\n\t\t\t<\/style><div class=\"wpforms-container wpforms-container-full wpforms-render-modern\" id=\"wpforms-2521\"><form id=\"wpforms-form-2521\" class=\"wpforms-validate wpforms-form wpforms-ajax-form\" data-formid=\"2521\" method=\"post\" enctype=\"multipart\/form-data\" action=\"\/fr_fr\/wp-json\/wp\/v2\/pages\/2524\" data-token=\"cfa47e1b61884c3f64e00a0b442190ce\" data-token-time=\"1777040339\"><noscript class=\"wpforms-error-noscript\">Veuillez activer JavaScript dans votre navigateur pour remplir ce formulaire.<\/noscript><div id=\"wpforms-error-noscript\" style=\"display: none;\">Veuillez activer JavaScript dans votre navigateur pour remplir ce formulaire.<\/div><div class=\"wpforms-field-container\"><div id=\"wpforms-2521-field_0-container\" class=\"wpforms-field wpforms-field-name\" data-field-id=\"0\"><fieldset><legend class=\"wpforms-field-label\">Nom <span class=\"wpforms-required-label\" aria-hidden=\"true\">*<\/span><\/legend><div class=\"wpforms-field-row wpforms-field-medium\"><div class=\"wpforms-field-row-block wpforms-first wpforms-one-half\"><input type=\"text\" id=\"wpforms-2521-field_0\" class=\"wpforms-field-name-first wpforms-field-required\" name=\"wpforms[fields][0][first]\" aria-errormessage=\"wpforms-2521-field_0-error\" required><label for=\"wpforms-2521-field_0\" class=\"wpforms-field-sublabel after\">Pr\u00e9nom<\/label><\/div><div class=\"wpforms-field-row-block wpforms-one-half\"><input type=\"text\" id=\"wpforms-2521-field_0-last\" class=\"wpforms-field-name-last wpforms-field-required\" name=\"wpforms[fields][0][last]\" aria-errormessage=\"wpforms-2521-field_0-last-error\" required><label for=\"wpforms-2521-field_0-last\" class=\"wpforms-field-sublabel after\">Nom<\/label><\/div><\/div><\/fieldset><\/div><div id=\"wpforms-2521-field_1-container\" class=\"wpforms-field wpforms-field-email\" data-field-id=\"1\"><label class=\"wpforms-field-label\" for=\"wpforms-2521-field_1\">E-mail <span class=\"wpforms-required-label\" aria-hidden=\"true\">*<\/span><\/label><input type=\"email\" id=\"wpforms-2521-field_1\" class=\"wpforms-field-medium wpforms-field-required\" name=\"wpforms[fields][1]\" spellcheck=\"false\" aria-errormessage=\"wpforms-2521-field_1-error\" required><\/div><div id=\"wpforms-2521-field_4-container\" class=\"wpforms-field wpforms-field-text\" data-field-id=\"4\"><label class=\"wpforms-field-label\" for=\"wpforms-2521-field_4\">T\u00e9l\u00e9phone<\/label><input type=\"text\" id=\"wpforms-2521-field_4\" class=\"wpforms-field-medium\" name=\"wpforms[fields][4]\" aria-errormessage=\"wpforms-2521-field_4-error\" ><\/div><div id=\"wpforms-2521-field_2-container\" class=\"wpforms-field wpforms-field-textarea\" data-field-id=\"2\"><label class=\"wpforms-field-label\" for=\"wpforms-2521-field_2\">Commentaire ou message<\/label><textarea id=\"wpforms-2521-field_2\" class=\"wpforms-field-medium\" name=\"wpforms[fields][2]\" aria-errormessage=\"wpforms-2521-field_2-error\" ><\/textarea><\/div><div id=\"wpforms-2521-field_5-container\" class=\"wpforms-field wpforms-field-checkbox\" data-field-id=\"5\"><fieldset><legend class=\"wpforms-field-label\">Formulaire de contact <span class=\"wpforms-required-label\" aria-hidden=\"true\">*<\/span><\/legend><ul id=\"wpforms-2521-field_5\" class=\"wpforms-field-required\"><li class=\"choice-1 depth-1\"><input type=\"checkbox\" id=\"wpforms-2521-field_5_1\" name=\"wpforms[fields][5][]\" value=\"En envoyant un message, j&#039;accepte les Conditions g\u00e9n\u00e9rales et la Politique de confidentialit\u00e9, et j&#039;autorise Andrea Cujar \u00e0 traiter mes donn\u00e9es afin de r\u00e9pondre \u00e0 mon message.\" aria-errormessage=\"wpforms-2521-field_5_1-error\" required ><label class=\"wpforms-field-label-inline\" for=\"wpforms-2521-field_5_1\">En envoyant un message, j'accepte les Conditions g\u00e9n\u00e9rales et la Politique de confidentialit\u00e9, et j'autorise Andrea Cujar \u00e0 traiter mes donn\u00e9es afin de r\u00e9pondre \u00e0 mon message.<\/label><\/li><\/ul><\/fieldset><\/div><\/div><!-- .wpforms-field-container --><div class=\"wpforms-recaptcha-container wpforms-is-recaptcha wpforms-is-recaptcha-type-v3\" ><input type=\"hidden\" name=\"wpforms[recaptcha]\" value=\"\"><\/div><div class=\"wpforms-submit-container\" ><input type=\"hidden\" name=\"wpforms[id]\" value=\"2521\"><input type=\"hidden\" name=\"page_title\" value=\"\"><input type=\"hidden\" name=\"page_url\" value=\"https:\/\/andreacujar.com\/fr_fr\/wp-json\/wp\/v2\/pages\/2524\"><input type=\"hidden\" name=\"url_referer\" value=\"\"><button type=\"submit\" name=\"wpforms[submit]\" id=\"wpforms-submit-2521\" class=\"wpforms-submit\" data-alt-text=\"Envoi...\" data-submit-text=\"Envoyer\" aria-live=\"assertive\" value=\"wpforms-submit\">Envoyer<\/button><img decoding=\"async\" src=\"https:\/\/andreacujar.com\/wp-content\/plugins\/wpforms-lite\/assets\/images\/submit-spin.svg\" class=\"wpforms-submit-spinner\" style=\"display: none;\" width=\"26\" height=\"26\" alt=\"Chargement en cours\"><\/div><\/form><\/div>  <!-- .wpforms-container -->\t\t\t\t<\/div>\n\t\t\t\t<\/div>\n\t\t\t\t\t<\/div>\n\t\t\t\t<\/div>\n\t\t<div class=\"elementor-element elementor-element-e5b0abb e-flex e-con-boxed e-con e-parent\" data-id=\"e5b0abb\" data-element_type=\"container\" data-e-type=\"container\">\n\t\t\t\t\t<div class=\"e-con-inner\">\n\t\t<div class=\"elementor-element elementor-element-1a731f4 e-con-full e-flex e-con e-child\" data-id=\"1a731f4\" data-element_type=\"container\" data-e-type=\"container\">\n\t\t\t\t<div class=\"elementor-element elementor-element-e465184 elementor-button-info elementor-align-center elementor-widget elementor-widget-button\" data-id=\"e465184\" data-element_type=\"widget\" data-e-type=\"widget\" data-widget_type=\"button.default\">\n\t\t\t\t<div class=\"elementor-widget-container\">\n\t\t\t\t\t\t\t\t\t<div class=\"elementor-button-wrapper\">\n\t\t\t\t\t<a class=\"elementor-button elementor-button-link elementor-size-sm\" href=\"http:\/\/andreacujar.com\/\">\n\t\t\t\t\t\t<span class=\"elementor-button-content-wrapper\">\n\t\t\t\t\t\t\t\t\t<span class=\"elementor-button-text\">Retour \u00e0 la page d'accueil<\/span>\n\t\t\t\t\t<\/span>\n\t\t\t\t\t<\/a>\n\t\t\t\t<\/div>\n\t\t\t\t\t\t\t\t<\/div>\n\t\t\t\t<\/div>\n\t\t\t\t<\/div>\n\t\t<div class=\"elementor-element elementor-element-e201003 e-con-full e-flex e-con e-child\" data-id=\"e201003\" data-element_type=\"container\" data-e-type=\"container\">\n\t\t\t\t<div class=\"elementor-element elementor-element-6f090fc elementor-button-info elementor-align-center elementor-widget elementor-widget-button\" data-id=\"6f090fc\" data-element_type=\"widget\" data-e-type=\"widget\" data-widget_type=\"button.default\">\n\t\t\t\t<div class=\"elementor-widget-container\">\n\t\t\t\t\t\t\t\t\t<div class=\"elementor-button-wrapper\">\n\t\t\t\t\t<a class=\"elementor-button elementor-button-link elementor-size-sm\" href=\"http:\/\/andreacujar.com\/mes-collections\/\">\n\t\t\t\t\t\t<span class=\"elementor-button-content-wrapper\">\n\t\t\t\t\t\t\t\t\t<span class=\"elementor-button-text\">Mes collections<\/span>\n\t\t\t\t\t<\/span>\n\t\t\t\t\t<\/a>\n\t\t\t\t<\/div>\n\t\t\t\t\t\t\t\t<\/div>\n\t\t\t\t<\/div>\n\t\t\t\t<\/div>\n\t\t\t\t\t<\/div>\n\t\t\t\t<\/div>\n\t\t\t\t<\/div>\n\t\t","protected":false},"excerpt":{"rendered":"<p>Formulaire de contact Veuillez activer JavaScript dans votre navigateur pour remplir ce formulaire.Veuillez activer JavaScript dans votre navigateur pour remplir ce formulaire. Nom * Pr\u00e9nomNom E-mail *T\u00e9l\u00e9phoneCommentaire ou message Envoyer Retour \u00e0 la page d&rsquo;accueil Mes collections<\/p>\n","protected":false},"author":3,"featured_media":2398,"parent":0,"menu_order":0,"comment_status":"closed","ping_status":"closed","template":"","meta":{"ocean_post_layout":"","ocean_both_sidebars_style":"","ocean_both_sidebars_content_width":0,"ocean_both_sidebars_sidebars_width":0,"ocean_sidebar":"0","ocean_second_sidebar":"0","ocean_disable_margins":"enable","ocean_add_body_class":"","ocean_shortcode_before_top_bar":"","ocean_shortcode_after_top_bar":"","ocean_shortcode_before_header":"","ocean_shortcode_after_header":"","ocean_has_shortcode":"","ocean_shortcode_after_title":"","ocean_shortcode_before_footer_widgets":"","ocean_shortcode_after_footer_widgets":"","ocean_shortcode_before_footer_bottom":"","ocean_shortcode_after_footer_bottom":"","ocean_display_top_bar":"default","ocean_display_header":"default","ocean_header_style":"","ocean_center_header_left_menu":"0","ocean_custom_header_template":"0","ocean_custom_logo":0,"ocean_custom_retina_logo":0,"ocean_custom_logo_max_width":0,"ocean_custom_logo_tablet_max_width":0,"ocean_custom_logo_mobile_max_width":0,"ocean_custom_logo_max_height":0,"ocean_custom_logo_tablet_max_height":0,"ocean_custom_logo_mobile_max_height":0,"ocean_header_custom_menu":"0","ocean_menu_typo_font_family":"0","ocean_menu_typo_font_subset":"","ocean_menu_typo_font_size":0,"ocean_menu_typo_font_size_tablet":0,"ocean_menu_typo_font_size_mobile":0,"ocean_menu_typo_font_size_unit":"px","ocean_menu_typo_font_weight":"","ocean_menu_typo_font_weight_tablet":"","ocean_menu_typo_font_weight_mobile":"","ocean_menu_typo_transform":"","ocean_menu_typo_transform_tablet":"","ocean_menu_typo_transform_mobile":"","ocean_menu_typo_line_height":0,"ocean_menu_typo_line_height_tablet":0,"ocean_menu_typo_line_height_mobile":0,"ocean_menu_typo_line_height_unit":"","ocean_menu_typo_spacing":0,"ocean_menu_typo_spacing_tablet":0,"ocean_menu_typo_spacing_mobile":0,"ocean_menu_typo_spacing_unit":"","ocean_menu_link_color":"","ocean_menu_link_color_hover":"","ocean_menu_link_color_active":"","ocean_menu_link_background":"","ocean_menu_link_hover_background":"","ocean_menu_link_active_background":"","ocean_menu_social_links_bg":"","ocean_menu_social_hover_links_bg":"","ocean_menu_social_links_color":"","ocean_menu_social_hover_links_color":"","ocean_disable_title":"default","ocean_disable_heading":"default","ocean_post_title":"","ocean_post_subheading":"","ocean_post_title_style":"","ocean_post_title_background_color":"","ocean_post_title_background":0,"ocean_post_title_bg_image_position":"","ocean_post_title_bg_image_attachment":"","ocean_post_title_bg_image_repeat":"","ocean_post_title_bg_image_size":"","ocean_post_title_height":0,"ocean_post_title_bg_overlay":0.5,"ocean_post_title_bg_overlay_color":"","ocean_disable_breadcrumbs":"default","ocean_breadcrumbs_color":"","ocean_breadcrumbs_separator_color":"","ocean_breadcrumbs_links_color":"","ocean_breadcrumbs_links_hover_color":"","ocean_display_footer_widgets":"default","ocean_display_footer_bottom":"default","ocean_custom_footer_template":"0","footnotes":""},"class_list":["post-2524","page","type-page","status-publish","has-post-thumbnail","hentry","entry","has-media"],"yoast_head":"<!-- This site is optimized with the Yoast SEO plugin v27.4 - https:\/\/yoast.com\/product\/yoast-seo-wordpress\/ -->\n<title>Contactez moi : Formulaire de contact \u00e0 remplir - ANDREA CUJAR<\/title>\n<meta name=\"description\" content=\"Contactez moi : Formulaire de contact \u00e0 remplir!! d\u00e9lais de r\u00e9ponse 48h sans compter les weekends. Merci beaucoup!\" \/>\n<meta name=\"robots\" content=\"noindex, nofollow\" \/>\n<meta property=\"og:locale\" content=\"fr_FR\" \/>\n<meta property=\"og:type\" content=\"article\" \/>\n<meta property=\"og:title\" content=\"Contactez moi : Formulaire de contact \u00e0 remplir - ANDREA CUJAR\" \/>\n<meta property=\"og:description\" content=\"Contactez moi : Formulaire de contact \u00e0 remplir!! d\u00e9lais de r\u00e9ponse 48h sans compter les weekends. Merci beaucoup!\" \/>\n<meta property=\"og:url\" content=\"https:\/\/andreacujar.com\/fr_fr\/contactez-moi\/\" \/>\n<meta property=\"og:site_name\" content=\"ANDREA CUJAR\" \/>\n<meta property=\"article:modified_time\" content=\"2025-05-29T15:32:34+00:00\" \/>\n<meta property=\"og:image\" content=\"https:\/\/andreacujar.com\/wp-content\/uploads\/2024\/07\/Logo-Marque-ANDREA-CUJAR-1.webp\" \/>\n\t<meta property=\"og:image:width\" content=\"500\" \/>\n\t<meta property=\"og:image:height\" content=\"500\" \/>\n\t<meta property=\"og:image:type\" content=\"image\/webp\" \/>\n<meta name=\"twitter:card\" content=\"summary_large_image\" \/>\n<meta name=\"twitter:label1\" content=\"Dur\u00e9e de lecture estim\u00e9e\" \/>\n\t<meta name=\"twitter:data1\" content=\"1 minute\" \/>\n<script type=\"application\/ld+json\" class=\"yoast-schema-graph\">{\"@context\":\"https:\\\/\\\/schema.org\",\"@graph\":[{\"@type\":\"WebPage\",\"@id\":\"https:\\\/\\\/andreacujar.com\\\/contactez-moi\\\/\",\"url\":\"https:\\\/\\\/andreacujar.com\\\/contactez-moi\\\/\",\"name\":\"Contactez moi : Formulaire de contact \u00e0 remplir - ANDREA CUJAR\",\"isPartOf\":{\"@id\":\"https:\\\/\\\/andreacujar.com\\\/#website\"},\"primaryImageOfPage\":{\"@id\":\"https:\\\/\\\/andreacujar.com\\\/contactez-moi\\\/#primaryimage\"},\"image\":{\"@id\":\"https:\\\/\\\/andreacujar.com\\\/contactez-moi\\\/#primaryimage\"},\"thumbnailUrl\":\"https:\\\/\\\/andreacujar.com\\\/wp-content\\\/uploads\\\/2024\\\/07\\\/Logo-Marque-ANDREA-CUJAR-1.webp\",\"datePublished\":\"2024-07-05T10:38:17+00:00\",\"dateModified\":\"2025-05-29T15:32:34+00:00\",\"description\":\"Contactez moi : Formulaire de contact \u00e0 remplir!! d\u00e9lais de r\u00e9ponse 48h sans compter les weekends. Merci beaucoup!\",\"breadcrumb\":{\"@id\":\"https:\\\/\\\/andreacujar.com\\\/contactez-moi\\\/#breadcrumb\"},\"inLanguage\":\"fr-FR\",\"potentialAction\":[{\"@type\":\"ReadAction\",\"target\":[\"https:\\\/\\\/andreacujar.com\\\/contactez-moi\\\/\"]}]},{\"@type\":\"ImageObject\",\"inLanguage\":\"fr-FR\",\"@id\":\"https:\\\/\\\/andreacujar.com\\\/contactez-moi\\\/#primaryimage\",\"url\":\"https:\\\/\\\/andreacujar.com\\\/wp-content\\\/uploads\\\/2024\\\/07\\\/Logo-Marque-ANDREA-CUJAR-1.webp\",\"contentUrl\":\"https:\\\/\\\/andreacujar.com\\\/wp-content\\\/uploads\\\/2024\\\/07\\\/Logo-Marque-ANDREA-CUJAR-1.webp\",\"width\":500,\"height\":500,\"caption\":\"Logo marque de bijoux ANDREA CUJAR\"},{\"@type\":\"BreadcrumbList\",\"@id\":\"https:\\\/\\\/andreacujar.com\\\/contactez-moi\\\/#breadcrumb\",\"itemListElement\":[{\"@type\":\"ListItem\",\"position\":1,\"name\":\"Accueil\",\"item\":\"https:\\\/\\\/andreacujar.com\\\/fr_fr\\\/\"},{\"@type\":\"ListItem\",\"position\":2,\"name\":\"CONTACTEZ-MOI\"}]},{\"@type\":\"WebSite\",\"@id\":\"https:\\\/\\\/andreacujar.com\\\/#website\",\"url\":\"https:\\\/\\\/andreacujar.com\\\/\",\"name\":\"ANDREA CUJAR\",\"description\":\"Artisan Bijoutier\",\"potentialAction\":[{\"@type\":\"SearchAction\",\"target\":{\"@type\":\"EntryPoint\",\"urlTemplate\":\"https:\\\/\\\/andreacujar.com\\\/?s={search_term_string}\"},\"query-input\":{\"@type\":\"PropertyValueSpecification\",\"valueRequired\":true,\"valueName\":\"search_term_string\"}}],\"inLanguage\":\"fr-FR\"}]}<\/script>\n<!-- \/ Yoast SEO plugin. -->","yoast_head_json":{"title":"Contactez moi : Formulaire de contact \u00e0 remplir - ANDREA CUJAR","description":"Contactez moi : Formulaire de contact \u00e0 remplir!! d\u00e9lais de r\u00e9ponse 48h sans compter les weekends. Merci beaucoup!","robots":{"index":"noindex","follow":"nofollow"},"og_locale":"fr_FR","og_type":"article","og_title":"Contactez moi : Formulaire de contact \u00e0 remplir - ANDREA CUJAR","og_description":"Contactez moi : Formulaire de contact \u00e0 remplir!! d\u00e9lais de r\u00e9ponse 48h sans compter les weekends. Merci beaucoup!","og_url":"https:\/\/andreacujar.com\/fr_fr\/contactez-moi\/","og_site_name":"ANDREA CUJAR","article_modified_time":"2025-05-29T15:32:34+00:00","og_image":[{"width":500,"height":500,"url":"https:\/\/andreacujar.com\/wp-content\/uploads\/2024\/07\/Logo-Marque-ANDREA-CUJAR-1.webp","type":"image\/webp"}],"twitter_card":"summary_large_image","twitter_misc":{"Dur\u00e9e de lecture estim\u00e9e":"1 minute"},"schema":{"@context":"https:\/\/schema.org","@graph":[{"@type":"WebPage","@id":"https:\/\/andreacujar.com\/contactez-moi\/","url":"https:\/\/andreacujar.com\/contactez-moi\/","name":"Contactez moi : Formulaire de contact \u00e0 remplir - ANDREA CUJAR","isPartOf":{"@id":"https:\/\/andreacujar.com\/#website"},"primaryImageOfPage":{"@id":"https:\/\/andreacujar.com\/contactez-moi\/#primaryimage"},"image":{"@id":"https:\/\/andreacujar.com\/contactez-moi\/#primaryimage"},"thumbnailUrl":"https:\/\/andreacujar.com\/wp-content\/uploads\/2024\/07\/Logo-Marque-ANDREA-CUJAR-1.webp","datePublished":"2024-07-05T10:38:17+00:00","dateModified":"2025-05-29T15:32:34+00:00","description":"Contactez moi : Formulaire de contact \u00e0 remplir!! d\u00e9lais de r\u00e9ponse 48h sans compter les weekends. Merci beaucoup!","breadcrumb":{"@id":"https:\/\/andreacujar.com\/contactez-moi\/#breadcrumb"},"inLanguage":"fr-FR","potentialAction":[{"@type":"ReadAction","target":["https:\/\/andreacujar.com\/contactez-moi\/"]}]},{"@type":"ImageObject","inLanguage":"fr-FR","@id":"https:\/\/andreacujar.com\/contactez-moi\/#primaryimage","url":"https:\/\/andreacujar.com\/wp-content\/uploads\/2024\/07\/Logo-Marque-ANDREA-CUJAR-1.webp","contentUrl":"https:\/\/andreacujar.com\/wp-content\/uploads\/2024\/07\/Logo-Marque-ANDREA-CUJAR-1.webp","width":500,"height":500,"caption":"Logo marque de bijoux ANDREA CUJAR"},{"@type":"BreadcrumbList","@id":"https:\/\/andreacujar.com\/contactez-moi\/#breadcrumb","itemListElement":[{"@type":"ListItem","position":1,"name":"Accueil","item":"https:\/\/andreacujar.com\/fr_fr\/"},{"@type":"ListItem","position":2,"name":"CONTACTEZ-MOI"}]},{"@type":"WebSite","@id":"https:\/\/andreacujar.com\/#website","url":"https:\/\/andreacujar.com\/","name":"ANDREA CUJAR","description":"Artisan Bijoutier","potentialAction":[{"@type":"SearchAction","target":{"@type":"EntryPoint","urlTemplate":"https:\/\/andreacujar.com\/?s={search_term_string}"},"query-input":{"@type":"PropertyValueSpecification","valueRequired":true,"valueName":"search_term_string"}}],"inLanguage":"fr-FR"}]}},"_links":{"self":[{"href":"https:\/\/andreacujar.com\/fr_fr\/wp-json\/wp\/v2\/pages\/2524","targetHints":{"allow":["GET"]}}],"collection":[{"href":"https:\/\/andreacujar.com\/fr_fr\/wp-json\/wp\/v2\/pages"}],"about":[{"href":"https:\/\/andreacujar.com\/fr_fr\/wp-json\/wp\/v2\/types\/page"}],"author":[{"embeddable":true,"href":"https:\/\/andreacujar.com\/fr_fr\/wp-json\/wp\/v2\/users\/3"}],"replies":[{"embeddable":true,"href":"https:\/\/andreacujar.com\/fr_fr\/wp-json\/wp\/v2\/comments?post=2524"}],"version-history":[{"count":40,"href":"https:\/\/andreacujar.com\/fr_fr\/wp-json\/wp\/v2\/pages\/2524\/revisions"}],"predecessor-version":[{"id":5936,"href":"https:\/\/andreacujar.com\/fr_fr\/wp-json\/wp\/v2\/pages\/2524\/revisions\/5936"}],"wp:featuredmedia":[{"embeddable":true,"href":"https:\/\/andreacujar.com\/fr_fr\/wp-json\/wp\/v2\/media\/2398"}],"wp:attachment":[{"href":"https:\/\/andreacujar.com\/fr_fr\/wp-json\/wp\/v2\/media?parent=2524"}],"curies":[{"name":"wp","href":"https:\/\/api.w.org\/{rel}","templated":true}]}}