{"id":6077,"date":"2024-10-07T14:46:28","date_gmt":"2024-10-07T12:46:28","guid":{"rendered":"http:\/\/andreacujar.com\/panier\/"},"modified":"2025-05-29T17:37:03","modified_gmt":"2025-05-29T15:37:03","slug":"panier","status":"publish","type":"page","link":"https:\/\/andreacujar.com\/fr_fr\/panier\/","title":{"rendered":"Panier"},"content":{"rendered":"\n<h1 class=\"wp-block-heading has-text-align-center has-x-large-font-size\">Panier<\/h1>\n\n\n\n<div class=\"wp-block-columns is-layout-flex wp-container-core-columns-is-layout-9d6595d7 wp-block-columns-is-layout-flex\">\n<div class=\"wp-block-column is-layout-flow wp-block-column-is-layout-flow\" style=\"flex-basis:20%\"><\/div>\n\n\n\n<div class=\"wp-block-column is-layout-flow wp-block-column-is-layout-flow\">\n<div data-block-name=\"woocommerce\/cart\" class=\"wp-block-woocommerce-cart alignwide is-loading\">\n<div data-block-name=\"woocommerce\/filled-cart-block\" class=\"wp-block-woocommerce-filled-cart-block\">\n<div data-block-name=\"woocommerce\/cart-items-block\" class=\"wp-block-woocommerce-cart-items-block\">\n<div data-block-name=\"woocommerce\/cart-line-items-block\" class=\"wp-block-woocommerce-cart-line-items-block\"><\/div>\n\n\n\n<div data-block-name=\"woocommerce\/cart-cross-sells-block\" class=\"wp-block-woocommerce-cart-cross-sells-block\">\n<h2 class=\"wp-block-heading has-large-font-size\">\u00c7a peut vous int\u00e9resser&#8230;<\/h2>\n\n\n\n<div data-block-name=\"woocommerce\/cart-cross-sells-products-block\" class=\"wp-block-woocommerce-cart-cross-sells-products-block\"><\/div>\n<\/div>\n<\/div>\n\n\n\n<div data-block-name=\"woocommerce\/cart-totals-block\" class=\"wp-block-woocommerce-cart-totals-block\">\n<div data-block-name=\"woocommerce\/cart-order-summary-block\" class=\"wp-block-woocommerce-cart-order-summary-block\">\n<div data-block-name=\"woocommerce\/cart-order-summary-heading-block\" data-content=\"Total panier\" class=\"wp-block-woocommerce-cart-order-summary-heading-block\"><\/div>\n\n\n\n<div data-block-name=\"woocommerce\/cart-order-summary-coupon-form-block\" class=\"wp-block-woocommerce-cart-order-summary-coupon-form-block\"><\/div>\n\n\n\n<div data-block-name=\"woocommerce\/cart-order-summary-totals-block\" class=\"wp-block-woocommerce-cart-order-summary-totals-block\">\n<div data-block-name=\"woocommerce\/cart-order-summary-subtotal-block\" class=\"wp-block-woocommerce-cart-order-summary-subtotal-block\"><\/div>\n\n\n\n<div data-block-name=\"woocommerce\/cart-order-summary-fee-block\" class=\"wp-block-woocommerce-cart-order-summary-fee-block\"><\/div>\n\n\n\n<div data-block-name=\"woocommerce\/cart-order-summary-discount-block\" class=\"wp-block-woocommerce-cart-order-summary-discount-block\"><\/div>\n\n\n\n<div data-block-name=\"woocommerce\/cart-order-summary-shipping-block\" class=\"wp-block-woocommerce-cart-order-summary-shipping-block\"><\/div>\n\n\n\n<div data-block-name=\"woocommerce\/cart-order-summary-taxes-block\" class=\"wp-block-woocommerce-cart-order-summary-taxes-block\"><\/div>\n<\/div>\n<\/div>\n\n\n\n<div data-block-name=\"woocommerce\/cart-express-payment-block\" class=\"wp-block-woocommerce-cart-express-payment-block\"><\/div>\n\n\n\n<div data-block-name=\"woocommerce\/proceed-to-checkout-block\" class=\"wp-block-woocommerce-proceed-to-checkout-block\"><\/div>\n\n\n\n<div data-block-name=\"woocommerce\/cart-accepted-payment-methods-block\" class=\"wp-block-woocommerce-cart-accepted-payment-methods-block\"><\/div>\n<\/div>\n<\/div>\n\n\n\n<div data-block-name=\"woocommerce\/empty-cart-block\" class=\"wp-block-woocommerce-empty-cart-block\">\n<h2 class=\"wp-block-heading has-text-align-center with-empty-cart-icon wc-block-cart__empty-cart__title\">Votre panier est actuellement vide&nbsp;!<\/h2>\n\n\n\n<hr class=\"wp-block-separator has-alpha-channel-opacity is-style-dots\"\/>\n\n\n\n<h2 class=\"wp-block-heading has-text-align-center\">Nouveau dans la boutique<\/h2>\n\n\n<div data-block-name=\"woocommerce\/product-new\" data-columns=\"4\" data-rows=\"1\" class=\"wc-block-grid wp-block-product-new wp-block-woocommerce-product-new wc-block-product-new has-4-columns\"><ul class=\"wc-block-grid__products\"><li class=\"wc-block-grid__product\">\n\t\t\t\t<a href=\"https:\/\/andreacujar.com\/fr_fr\/produit\/medaille-yeseraye\/\" class=\"wc-block-grid__product-link\">\n\t\t\t\t\t\n\t\t\t\t\t<div class=\"wc-block-grid__product-image\"><img fetchpriority=\"high\" decoding=\"async\" width=\"300\" height=\"300\" src=\"https:\/\/andreacujar.com\/wp-content\/uploads\/2025\/01\/Mot-magique-pour-que-vos-souhaits-soient-exauces-face-300x300.jpg\" class=\"attachment-woocommerce_thumbnail size-woocommerce_thumbnail\" alt=\"M\u00e9daille YESERAYE en laiton dor\u00e9 1 micron, grav\u00e9e d\u2019un mot magique ancien pour exaucer vos souhaits, avec symbole de l\u2019infini, fabrication artisanale \u00e0 Paris.\" srcset=\"https:\/\/andreacujar.com\/wp-content\/uploads\/2025\/01\/Mot-magique-pour-que-vos-souhaits-soient-exauces-face-300x300.jpg 300w, https:\/\/andreacujar.com\/wp-content\/uploads\/2025\/01\/Mot-magique-pour-que-vos-souhaits-soient-exauces-face-1024x1024.jpg 1024w, https:\/\/andreacujar.com\/wp-content\/uploads\/2025\/01\/Mot-magique-pour-que-vos-souhaits-soient-exauces-face-150x150.jpg 150w, https:\/\/andreacujar.com\/wp-content\/uploads\/2025\/01\/Mot-magique-pour-que-vos-souhaits-soient-exauces-face-768x768.jpg 768w, https:\/\/andreacujar.com\/wp-content\/uploads\/2025\/01\/Mot-magique-pour-que-vos-souhaits-soient-exauces-face-12x12.jpg 12w, https:\/\/andreacujar.com\/wp-content\/uploads\/2025\/01\/Mot-magique-pour-que-vos-souhaits-soient-exauces-face-600x600.jpg 600w, https:\/\/andreacujar.com\/wp-content\/uploads\/2025\/01\/Mot-magique-pour-que-vos-souhaits-soient-exauces-face-100x100.jpg 100w, https:\/\/andreacujar.com\/wp-content\/uploads\/2025\/01\/Mot-magique-pour-que-vos-souhaits-soient-exauces-face.jpg 1080w\" sizes=\"(max-width: 300px) 100vw, 300px\" \/><\/div>\n\t\t\t\t\t<div class=\"wc-block-grid__product-title\">M\u00e9daille avec le mot magique pour que vos souhaits soient exauc\u00e9s<\/div>\n\t\t\t\t<\/a>\n\t\t\t\t<div class=\"wc-block-grid__product-price price\"><span class=\"woocommerce-Price-amount amount\">70,00&nbsp;<span class=\"woocommerce-Price-currencySymbol\">&euro;<\/span><\/span><\/div>\n\t\t\t\t\n\t\t\t\t<div class=\"wp-block-button wc-block-grid__product-add-to-cart\"><a href=\"\/fr_fr\/wp-json\/wp\/v2\/pages\/6077?add-to-cart=7607\" aria-label=\"Ajouter au panier\u00a0: &ldquo;M\u00e9daille avec le mot magique pour que vos souhaits soient exauc\u00e9s&rdquo;\" data-quantity=\"1\" data-product_id=\"7607\" data-product_sku=\"\" data-price=\"70\" rel=\"nofollow\" class=\"wp-block-button__link  add_to_cart_button ajax_add_to_cart\">Ajouter au panier<\/a><\/div>\n\t\t\t<\/li><li class=\"wc-block-grid__product\">\n\t\t\t\t<a href=\"https:\/\/andreacujar.com\/fr_fr\/produit\/medaille-mot-magique-amour-toogras\/\" class=\"wc-block-grid__product-link\">\n\t\t\t\t\t\n\t\t\t\t\t<div class=\"wc-block-grid__product-image\"><img decoding=\"async\" width=\"300\" height=\"300\" src=\"https:\/\/andreacujar.com\/wp-content\/uploads\/2025\/01\/Mot-magique-pour-eveiller-lamour-face-300x300.jpg\" class=\"attachment-woocommerce_thumbnail size-woocommerce_thumbnail\" alt=\"m\u00e9daille TOOGRAS en laiton grav\u00e9e avec un mot magique pour attirer l\u2019amour\" srcset=\"https:\/\/andreacujar.com\/wp-content\/uploads\/2025\/01\/Mot-magique-pour-eveiller-lamour-face-300x300.jpg 300w, https:\/\/andreacujar.com\/wp-content\/uploads\/2025\/01\/Mot-magique-pour-eveiller-lamour-face-1024x1024.jpg 1024w, https:\/\/andreacujar.com\/wp-content\/uploads\/2025\/01\/Mot-magique-pour-eveiller-lamour-face-150x150.jpg 150w, https:\/\/andreacujar.com\/wp-content\/uploads\/2025\/01\/Mot-magique-pour-eveiller-lamour-face-768x768.jpg 768w, https:\/\/andreacujar.com\/wp-content\/uploads\/2025\/01\/Mot-magique-pour-eveiller-lamour-face-12x12.jpg 12w, https:\/\/andreacujar.com\/wp-content\/uploads\/2025\/01\/Mot-magique-pour-eveiller-lamour-face-600x600.jpg 600w, https:\/\/andreacujar.com\/wp-content\/uploads\/2025\/01\/Mot-magique-pour-eveiller-lamour-face-100x100.jpg 100w, https:\/\/andreacujar.com\/wp-content\/uploads\/2025\/01\/Mot-magique-pour-eveiller-lamour-face.jpg 1080w\" sizes=\"(max-width: 300px) 100vw, 300px\" \/><\/div>\n\t\t\t\t\t<div class=\"wc-block-grid__product-title\">M\u00e9daille avec le mot magique pour \u00e9veiller l\u2019amour<\/div>\n\t\t\t\t<\/a>\n\t\t\t\t<div class=\"wc-block-grid__product-price price\"><span class=\"woocommerce-Price-amount amount\">65,00&nbsp;<span class=\"woocommerce-Price-currencySymbol\">&euro;<\/span><\/span><\/div>\n\t\t\t\t\n\t\t\t\t<div class=\"wp-block-button wc-block-grid__product-add-to-cart\"><a href=\"\/fr_fr\/wp-json\/wp\/v2\/pages\/6077?add-to-cart=7606\" aria-label=\"Ajouter au panier\u00a0: &ldquo;M\u00e9daille avec le mot magique pour \u00e9veiller l\u2019amour&rdquo;\" data-quantity=\"1\" data-product_id=\"7606\" data-product_sku=\"\" data-price=\"65\" rel=\"nofollow\" class=\"wp-block-button__link  add_to_cart_button ajax_add_to_cart\">Ajouter au panier<\/a><\/div>\n\t\t\t<\/li><li class=\"wc-block-grid__product\">\n\t\t\t\t<a href=\"https:\/\/andreacujar.com\/fr_fr\/produit\/protection-immediate-contre-les-energies-negatives\/\" class=\"wc-block-grid__product-link\">\n\t\t\t\t\t\n\t\t\t\t\t<div class=\"wc-block-grid__product-image\"><img decoding=\"async\" width=\"300\" height=\"300\" src=\"https:\/\/andreacujar.com\/wp-content\/uploads\/2025\/01\/Protection-immediate-contre-les-energies-negatives-face-300x300.jpg\" class=\"attachment-woocommerce_thumbnail size-woocommerce_thumbnail\" alt=\"Collection Les mots magiques. Protection imm\u00e9diate contre les \u00e9nergies n\u00e9gatives.\" srcset=\"https:\/\/andreacujar.com\/wp-content\/uploads\/2025\/01\/Protection-immediate-contre-les-energies-negatives-face-300x300.jpg 300w, https:\/\/andreacujar.com\/wp-content\/uploads\/2025\/01\/Protection-immediate-contre-les-energies-negatives-face-1024x1024.jpg 1024w, https:\/\/andreacujar.com\/wp-content\/uploads\/2025\/01\/Protection-immediate-contre-les-energies-negatives-face-150x150.jpg 150w, https:\/\/andreacujar.com\/wp-content\/uploads\/2025\/01\/Protection-immediate-contre-les-energies-negatives-face-768x768.jpg 768w, https:\/\/andreacujar.com\/wp-content\/uploads\/2025\/01\/Protection-immediate-contre-les-energies-negatives-face-12x12.jpg 12w, https:\/\/andreacujar.com\/wp-content\/uploads\/2025\/01\/Protection-immediate-contre-les-energies-negatives-face-600x600.jpg 600w, https:\/\/andreacujar.com\/wp-content\/uploads\/2025\/01\/Protection-immediate-contre-les-energies-negatives-face-100x100.jpg 100w, https:\/\/andreacujar.com\/wp-content\/uploads\/2025\/01\/Protection-immediate-contre-les-energies-negatives-face.jpg 1080w\" sizes=\"(max-width: 300px) 100vw, 300px\" \/><\/div>\n\t\t\t\t\t<div class=\"wc-block-grid__product-title\">M\u00e9daille protectrice contre les \u00e9nergies n\u00e9gatives<\/div>\n\t\t\t\t<\/a>\n\t\t\t\t<div class=\"wc-block-grid__product-price price\"><span class=\"woocommerce-Price-amount amount\">65,00&nbsp;<span class=\"woocommerce-Price-currencySymbol\">&euro;<\/span><\/span><\/div>\n\t\t\t\t\n\t\t\t\t<div class=\"wp-block-button wc-block-grid__product-add-to-cart\"><a href=\"\/fr_fr\/wp-json\/wp\/v2\/pages\/6077?add-to-cart=7605\" aria-label=\"Ajouter au panier\u00a0: &ldquo;M\u00e9daille protectrice contre les \u00e9nergies n\u00e9gatives&rdquo;\" data-quantity=\"1\" data-product_id=\"7605\" data-product_sku=\"\" data-price=\"65\" rel=\"nofollow\" class=\"wp-block-button__link  add_to_cart_button ajax_add_to_cart\">Ajouter au panier<\/a><\/div>\n\t\t\t<\/li><li class=\"wc-block-grid__product\">\n\t\t\t\t<a href=\"https:\/\/andreacujar.com\/fr_fr\/produit\/amulette-hebraique-pour-se-proteger-des-demons\/\" class=\"wc-block-grid__product-link\">\n\t\t\t\t\t\n\t\t\t\t\t<div class=\"wc-block-grid__product-image\"><img loading=\"lazy\" decoding=\"async\" width=\"300\" height=\"300\" src=\"https:\/\/andreacujar.com\/wp-content\/uploads\/2025\/01\/Amulette-hebraique-pour-se-proteger-des-demons-face-300x300.jpg\" class=\"attachment-woocommerce_thumbnail size-woocommerce_thumbnail\" alt=\"Collection Les mots magiques. BW4\" srcset=\"https:\/\/andreacujar.com\/wp-content\/uploads\/2025\/01\/Amulette-hebraique-pour-se-proteger-des-demons-face-300x300.jpg 300w, https:\/\/andreacujar.com\/wp-content\/uploads\/2025\/01\/Amulette-hebraique-pour-se-proteger-des-demons-face-1024x1024.jpg 1024w, https:\/\/andreacujar.com\/wp-content\/uploads\/2025\/01\/Amulette-hebraique-pour-se-proteger-des-demons-face-150x150.jpg 150w, https:\/\/andreacujar.com\/wp-content\/uploads\/2025\/01\/Amulette-hebraique-pour-se-proteger-des-demons-face-768x768.jpg 768w, https:\/\/andreacujar.com\/wp-content\/uploads\/2025\/01\/Amulette-hebraique-pour-se-proteger-des-demons-face-12x12.jpg 12w, https:\/\/andreacujar.com\/wp-content\/uploads\/2025\/01\/Amulette-hebraique-pour-se-proteger-des-demons-face-600x600.jpg 600w, https:\/\/andreacujar.com\/wp-content\/uploads\/2025\/01\/Amulette-hebraique-pour-se-proteger-des-demons-face-100x100.jpg 100w, https:\/\/andreacujar.com\/wp-content\/uploads\/2025\/01\/Amulette-hebraique-pour-se-proteger-des-demons-face.jpg 1080w\" sizes=\"(max-width: 300px) 100vw, 300px\" \/><\/div>\n\t\t\t\t\t<div class=\"wc-block-grid__product-title\">Amulette h\u00e9bra\u00efque pour se prot\u00e9ger des d\u00e9mons<\/div>\n\t\t\t\t<\/a>\n\t\t\t\t<div class=\"wc-block-grid__product-price price\"><span class=\"woocommerce-Price-amount amount\">70,00&nbsp;<span class=\"woocommerce-Price-currencySymbol\">&euro;<\/span><\/span><\/div>\n\t\t\t\t\n\t\t\t\t<div class=\"wp-block-button wc-block-grid__product-add-to-cart\"><a href=\"\/fr_fr\/wp-json\/wp\/v2\/pages\/6077?add-to-cart=7604\" aria-label=\"Ajouter au panier\u00a0: &ldquo;Amulette h\u00e9bra\u00efque pour se prot\u00e9ger des d\u00e9mons&rdquo;\" data-quantity=\"1\" data-product_id=\"7604\" data-product_sku=\"\" data-price=\"70\" rel=\"nofollow\" class=\"wp-block-button__link  add_to_cart_button ajax_add_to_cart\">Ajouter au panier<\/a><\/div>\n\t\t\t<\/li><\/ul><\/div><\/div>\n<\/div>\n\n\n\n<p><\/p>\n<\/div>\n\n\n\n<div class=\"wp-block-column is-layout-flow wp-block-column-is-layout-flow\" style=\"flex-basis:20%\"><\/div>\n<\/div>\n","protected":false},"excerpt":{"rendered":"<p>Panier<\/p>\n","protected":false},"author":1,"featured_media":0,"parent":0,"menu_order":0,"comment_status":"closed","ping_status":"closed","template":"","meta":{"ocean_post_layout":"","ocean_both_sidebars_style":"","ocean_both_sidebars_content_width":0,"ocean_both_sidebars_sidebars_width":0,"ocean_sidebar":"","ocean_second_sidebar":"","ocean_disable_margins":"enable","ocean_add_body_class":"","ocean_shortcode_before_top_bar":"","ocean_shortcode_after_top_bar":"","ocean_shortcode_before_header":"","ocean_shortcode_after_header":"","ocean_has_shortcode":"","ocean_shortcode_after_title":"","ocean_shortcode_before_footer_widgets":"","ocean_shortcode_after_footer_widgets":"","ocean_shortcode_before_footer_bottom":"","ocean_shortcode_after_footer_bottom":"","ocean_display_top_bar":"default","ocean_display_header":"default","ocean_header_style":"","ocean_center_header_left_menu":"","ocean_custom_header_template":"","ocean_custom_logo":0,"ocean_custom_retina_logo":0,"ocean_custom_logo_max_width":0,"ocean_custom_logo_tablet_max_width":0,"ocean_custom_logo_mobile_max_width":0,"ocean_custom_logo_max_height":0,"ocean_custom_logo_tablet_max_height":0,"ocean_custom_logo_mobile_max_height":0,"ocean_header_custom_menu":"","ocean_menu_typo_font_family":"","ocean_menu_typo_font_subset":"","ocean_menu_typo_font_size":0,"ocean_menu_typo_font_size_tablet":0,"ocean_menu_typo_font_size_mobile":0,"ocean_menu_typo_font_size_unit":"px","ocean_menu_typo_font_weight":"","ocean_menu_typo_font_weight_tablet":"","ocean_menu_typo_font_weight_mobile":"","ocean_menu_typo_transform":"","ocean_menu_typo_transform_tablet":"","ocean_menu_typo_transform_mobile":"","ocean_menu_typo_line_height":0,"ocean_menu_typo_line_height_tablet":0,"ocean_menu_typo_line_height_mobile":0,"ocean_menu_typo_line_height_unit":"","ocean_menu_typo_spacing":0,"ocean_menu_typo_spacing_tablet":0,"ocean_menu_typo_spacing_mobile":0,"ocean_menu_typo_spacing_unit":"","ocean_menu_link_color":"","ocean_menu_link_color_hover":"","ocean_menu_link_color_active":"","ocean_menu_link_background":"","ocean_menu_link_hover_background":"","ocean_menu_link_active_background":"","ocean_menu_social_links_bg":"","ocean_menu_social_hover_links_bg":"","ocean_menu_social_links_color":"","ocean_menu_social_hover_links_color":"","ocean_disable_title":"default","ocean_disable_heading":"default","ocean_post_title":"","ocean_post_subheading":"","ocean_post_title_style":"","ocean_post_title_background_color":"","ocean_post_title_background":0,"ocean_post_title_bg_image_position":"","ocean_post_title_bg_image_attachment":"","ocean_post_title_bg_image_repeat":"","ocean_post_title_bg_image_size":"","ocean_post_title_height":0,"ocean_post_title_bg_overlay":0.5,"ocean_post_title_bg_overlay_color":"","ocean_disable_breadcrumbs":"default","ocean_breadcrumbs_color":"","ocean_breadcrumbs_separator_color":"","ocean_breadcrumbs_links_color":"","ocean_breadcrumbs_links_hover_color":"","ocean_display_footer_widgets":"default","ocean_display_footer_bottom":"default","ocean_custom_footer_template":"","footnotes":""},"class_list":["post-6077","page","type-page","status-publish","hentry","entry"],"yoast_head":"<!-- This site is optimized with the Yoast SEO plugin v27.4 - https:\/\/yoast.com\/product\/yoast-seo-wordpress\/ -->\n<title>Panier - ANDREA CUJAR<\/title>\n<meta name=\"robots\" content=\"noindex, nofollow\" \/>\n<meta property=\"og:locale\" content=\"fr_FR\" \/>\n<meta property=\"og:type\" content=\"article\" \/>\n<meta property=\"og:title\" content=\"Panier - ANDREA CUJAR\" \/>\n<meta property=\"og:description\" content=\"Panier\" \/>\n<meta property=\"og:url\" content=\"https:\/\/andreacujar.com\/fr_fr\/panier\/\" \/>\n<meta property=\"og:site_name\" content=\"ANDREA CUJAR\" \/>\n<meta property=\"article:modified_time\" content=\"2025-05-29T15:37:03+00:00\" \/>\n<meta name=\"twitter:card\" content=\"summary_large_image\" \/>\n<meta name=\"twitter:label1\" content=\"Dur\u00e9e de lecture estim\u00e9e\" \/>\n\t<meta name=\"twitter:data1\" content=\"1 minute\" \/>\n<script type=\"application\/ld+json\" class=\"yoast-schema-graph\">{\"@context\":\"https:\\\/\\\/schema.org\",\"@graph\":[{\"@type\":\"WebPage\",\"@id\":\"https:\\\/\\\/andreacujar.com\\\/panier\\\/\",\"url\":\"https:\\\/\\\/andreacujar.com\\\/panier\\\/\",\"name\":\"Panier - ANDREA CUJAR\",\"isPartOf\":{\"@id\":\"https:\\\/\\\/andreacujar.com\\\/#website\"},\"datePublished\":\"2024-10-07T12:46:28+00:00\",\"dateModified\":\"2025-05-29T15:37:03+00:00\",\"breadcrumb\":{\"@id\":\"https:\\\/\\\/andreacujar.com\\\/panier\\\/#breadcrumb\"},\"inLanguage\":\"fr-FR\",\"potentialAction\":[{\"@type\":\"ReadAction\",\"target\":[\"https:\\\/\\\/andreacujar.com\\\/panier\\\/\"]}]},{\"@type\":\"BreadcrumbList\",\"@id\":\"https:\\\/\\\/andreacujar.com\\\/panier\\\/#breadcrumb\",\"itemListElement\":[{\"@type\":\"ListItem\",\"position\":1,\"name\":\"Accueil\",\"item\":\"https:\\\/\\\/andreacujar.com\\\/fr_fr\\\/\"},{\"@type\":\"ListItem\",\"position\":2,\"name\":\"Panier\"}]},{\"@type\":\"WebSite\",\"@id\":\"https:\\\/\\\/andreacujar.com\\\/#website\",\"url\":\"https:\\\/\\\/andreacujar.com\\\/\",\"name\":\"ANDREA CUJAR\",\"description\":\"Artisan Bijoutier\",\"potentialAction\":[{\"@type\":\"SearchAction\",\"target\":{\"@type\":\"EntryPoint\",\"urlTemplate\":\"https:\\\/\\\/andreacujar.com\\\/?s={search_term_string}\"},\"query-input\":{\"@type\":\"PropertyValueSpecification\",\"valueRequired\":true,\"valueName\":\"search_term_string\"}}],\"inLanguage\":\"fr-FR\"}]}<\/script>\n<!-- \/ Yoast SEO plugin. -->","yoast_head_json":{"title":"Panier - ANDREA CUJAR","robots":{"index":"noindex","follow":"nofollow"},"og_locale":"fr_FR","og_type":"article","og_title":"Panier - ANDREA CUJAR","og_description":"Panier","og_url":"https:\/\/andreacujar.com\/fr_fr\/panier\/","og_site_name":"ANDREA CUJAR","article_modified_time":"2025-05-29T15:37:03+00:00","twitter_card":"summary_large_image","twitter_misc":{"Dur\u00e9e de lecture estim\u00e9e":"1 minute"},"schema":{"@context":"https:\/\/schema.org","@graph":[{"@type":"WebPage","@id":"https:\/\/andreacujar.com\/panier\/","url":"https:\/\/andreacujar.com\/panier\/","name":"Panier - ANDREA CUJAR","isPartOf":{"@id":"https:\/\/andreacujar.com\/#website"},"datePublished":"2024-10-07T12:46:28+00:00","dateModified":"2025-05-29T15:37:03+00:00","breadcrumb":{"@id":"https:\/\/andreacujar.com\/panier\/#breadcrumb"},"inLanguage":"fr-FR","potentialAction":[{"@type":"ReadAction","target":["https:\/\/andreacujar.com\/panier\/"]}]},{"@type":"BreadcrumbList","@id":"https:\/\/andreacujar.com\/panier\/#breadcrumb","itemListElement":[{"@type":"ListItem","position":1,"name":"Accueil","item":"https:\/\/andreacujar.com\/fr_fr\/"},{"@type":"ListItem","position":2,"name":"Panier"}]},{"@type":"WebSite","@id":"https:\/\/andreacujar.com\/#website","url":"https:\/\/andreacujar.com\/","name":"ANDREA CUJAR","description":"Artisan Bijoutier","potentialAction":[{"@type":"SearchAction","target":{"@type":"EntryPoint","urlTemplate":"https:\/\/andreacujar.com\/?s={search_term_string}"},"query-input":{"@type":"PropertyValueSpecification","valueRequired":true,"valueName":"search_term_string"}}],"inLanguage":"fr-FR"}]}},"_links":{"self":[{"href":"https:\/\/andreacujar.com\/fr_fr\/wp-json\/wp\/v2\/pages\/6077","targetHints":{"allow":["GET"]}}],"collection":[{"href":"https:\/\/andreacujar.com\/fr_fr\/wp-json\/wp\/v2\/pages"}],"about":[{"href":"https:\/\/andreacujar.com\/fr_fr\/wp-json\/wp\/v2\/types\/page"}],"author":[{"embeddable":true,"href":"https:\/\/andreacujar.com\/fr_fr\/wp-json\/wp\/v2\/users\/1"}],"replies":[{"embeddable":true,"href":"https:\/\/andreacujar.com\/fr_fr\/wp-json\/wp\/v2\/comments?post=6077"}],"version-history":[{"count":5,"href":"https:\/\/andreacujar.com\/fr_fr\/wp-json\/wp\/v2\/pages\/6077\/revisions"}],"predecessor-version":[{"id":7196,"href":"https:\/\/andreacujar.com\/fr_fr\/wp-json\/wp\/v2\/pages\/6077\/revisions\/7196"}],"wp:attachment":[{"href":"https:\/\/andreacujar.com\/fr_fr\/wp-json\/wp\/v2\/media?parent=6077"}],"curies":[{"name":"wp","href":"https:\/\/api.w.org\/{rel}","templated":true}]}}