{"id":7081,"date":"2024-11-11T00:35:03","date_gmt":"2024-11-10T23:35:03","guid":{"rendered":"https:\/\/andreacujar.com\/?post_type=product&#038;p=7081"},"modified":"2025-11-14T00:24:43","modified_gmt":"2025-11-13T23:24:43","slug":"collier-tour-eiffel-femme","status":"publish","type":"product","link":"https:\/\/andreacujar.com\/fr_fr\/produit\/collier-tour-eiffel-femme\/","title":{"rendered":"Collier Tour Eiffel Femme"},"content":{"rendered":"","protected":false},"excerpt":{"rendered":"<p><strong>Cha\u00eene for\u00e7at ronde, dor\u00e9e de 45 cm avec pendentif tour Eiffel dor\u00e9 \u00e0 l&rsquo;or fin 24 carats (un micron), couleur or classique.<\/strong><br \/>\nCe pendentif, mesurant 1,5 x 2,5 cm, s&rsquo;inspire de la tour Eiffel embl\u00e9matique de l&rsquo;Exposition Universelle de 1900, un symbole d&rsquo;innovation et de raffinement. La finesse de la dorure et le design \u00e9l\u00e9gant en font un bijou intemporel, parfait pour sublimer toutes vos tenues.<\/p>\n<p><strong>\u00c9dition limit\u00e9e.<\/strong><br \/>\nAjoutez une touche d&rsquo;histoire et d&rsquo;\u00e9l\u00e9gance \u00e0 votre collection avec ce collier unique.<\/p>\n","protected":false},"featured_media":7552,"comment_status":"open","ping_status":"closed","template":"","meta":{"ocean_post_layout":"","ocean_both_sidebars_style":"","ocean_both_sidebars_content_width":0,"ocean_both_sidebars_sidebars_width":0,"ocean_sidebar":"0","ocean_second_sidebar":"0","ocean_disable_margins":"enable","ocean_add_body_class":"","ocean_shortcode_before_top_bar":"","ocean_shortcode_after_top_bar":"","ocean_shortcode_before_header":"","ocean_shortcode_after_header":"","ocean_has_shortcode":"","ocean_shortcode_after_title":"","ocean_shortcode_before_footer_widgets":"","ocean_shortcode_after_footer_widgets":"","ocean_shortcode_before_footer_bottom":"","ocean_shortcode_after_footer_bottom":"","ocean_display_top_bar":"default","ocean_display_header":"default","ocean_header_style":"","ocean_center_header_left_menu":"0","ocean_custom_header_template":"0","ocean_custom_logo":0,"ocean_custom_retina_logo":0,"ocean_custom_logo_max_width":0,"ocean_custom_logo_tablet_max_width":0,"ocean_custom_logo_mobile_max_width":0,"ocean_custom_logo_max_height":0,"ocean_custom_logo_tablet_max_height":0,"ocean_custom_logo_mobile_max_height":0,"ocean_header_custom_menu":"0","ocean_menu_typo_font_family":"0","ocean_menu_typo_font_subset":"","ocean_menu_typo_font_size":0,"ocean_menu_typo_font_size_tablet":0,"ocean_menu_typo_font_size_mobile":0,"ocean_menu_typo_font_size_unit":"px","ocean_menu_typo_font_weight":"","ocean_menu_typo_font_weight_tablet":"","ocean_menu_typo_font_weight_mobile":"","ocean_menu_typo_transform":"","ocean_menu_typo_transform_tablet":"","ocean_menu_typo_transform_mobile":"","ocean_menu_typo_line_height":0,"ocean_menu_typo_line_height_tablet":0,"ocean_menu_typo_line_height_mobile":0,"ocean_menu_typo_line_height_unit":"","ocean_menu_typo_spacing":0,"ocean_menu_typo_spacing_tablet":0,"ocean_menu_typo_spacing_mobile":0,"ocean_menu_typo_spacing_unit":"","ocean_menu_link_color":"","ocean_menu_link_color_hover":"","ocean_menu_link_color_active":"","ocean_menu_link_background":"","ocean_menu_link_hover_background":"","ocean_menu_link_active_background":"","ocean_menu_social_links_bg":"","ocean_menu_social_hover_links_bg":"","ocean_menu_social_links_color":"","ocean_menu_social_hover_links_color":"","ocean_disable_title":"default","ocean_disable_heading":"default","ocean_post_title":"","ocean_post_subheading":"","ocean_post_title_style":"","ocean_post_title_background_color":"","ocean_post_title_background":0,"ocean_post_title_bg_image_position":"","ocean_post_title_bg_image_attachment":"","ocean_post_title_bg_image_repeat":"","ocean_post_title_bg_image_size":"","ocean_post_title_height":0,"ocean_post_title_bg_overlay":0.5,"ocean_post_title_bg_overlay_color":"","ocean_disable_breadcrumbs":"default","ocean_breadcrumbs_color":"","ocean_breadcrumbs_separator_color":"","ocean_breadcrumbs_links_color":"","ocean_breadcrumbs_links_hover_color":"","ocean_display_footer_widgets":"default","ocean_display_footer_bottom":"default","ocean_custom_footer_template":"0"},"product_brand":[],"product_cat":[47],"product_tag":[50],"class_list":{"0":"post-7081","1":"product","2":"type-product","3":"status-publish","4":"has-post-thumbnail","6":"product_cat-collection-la-chocofiserie","7":"product_tag-collier-tour-eiffel","8":"entry","9":"has-media","11":"first","12":"instock","13":"shipping-taxable","14":"purchasable","15":"product-type-simple"},"yoast_head":"<!-- This site is optimized with the Yoast SEO plugin v27.3 - https:\/\/yoast.com\/product\/yoast-seo-wordpress\/ -->\n<title>Collier Tour Eiffel \u2013 Bijou dor\u00e9 inspir\u00e9 de Paris<\/title>\n<meta name=\"description\" content=\"Sublimez vos tenues avec le Collier Tour Eiffel, un pendentif dor\u00e9 24 carats inspir\u00e9 de l\u2019Exposition Universelle de 1900. Un bijou \u00e9l\u00e9gant, intemporel et en \u00e9dition limit\u00e9e.\" \/>\n<meta name=\"robots\" content=\"index, follow, max-snippet:-1, max-image-preview:large, max-video-preview:-1\" \/>\n<link rel=\"canonical\" href=\"https:\/\/andreacujar.com\/fr_fr\/produit\/collier-tour-eiffel-femme\/\" \/>\n<meta property=\"og:locale\" content=\"fr_FR\" \/>\n<meta property=\"og:type\" content=\"article\" \/>\n<meta property=\"og:title\" content=\"Collier Tour Eiffel \u2013 Bijou dor\u00e9 inspir\u00e9 de Paris\" \/>\n<meta property=\"og:description\" content=\"Sublimez vos tenues avec le Collier Tour Eiffel, un pendentif dor\u00e9 24 carats inspir\u00e9 de l\u2019Exposition Universelle de 1900. Un bijou \u00e9l\u00e9gant, intemporel et en \u00e9dition limit\u00e9e.\" \/>\n<meta property=\"og:url\" content=\"https:\/\/andreacujar.com\/fr_fr\/produit\/collier-tour-eiffel-femme\/\" \/>\n<meta property=\"og:site_name\" content=\"ANDREA CUJAR\" \/>\n<meta property=\"article:modified_time\" content=\"2025-11-13T23:24:43+00:00\" \/>\n<meta property=\"og:image\" content=\"https:\/\/andreacujar.com\/wp-content\/uploads\/2024\/11\/Tour-Eiffel-2.jpg\" \/>\n\t<meta property=\"og:image:width\" content=\"1080\" \/>\n\t<meta property=\"og:image:height\" content=\"1080\" \/>\n\t<meta property=\"og:image:type\" content=\"image\/jpeg\" \/>\n<meta name=\"twitter:card\" content=\"summary_large_image\" \/>\n<meta name=\"twitter:label1\" content=\"Dur\u00e9e de lecture estim\u00e9e\" \/>\n\t<meta name=\"twitter:data1\" content=\"1 minute\" \/>\n<script type=\"application\/ld+json\" class=\"yoast-schema-graph\">{\"@context\":\"https:\\\/\\\/schema.org\",\"@graph\":[{\"@type\":\"WebPage\",\"@id\":\"https:\\\/\\\/andreacujar.com\\\/fr_fr\\\/produit\\\/collier-tour-eiffel-femme\\\/\",\"url\":\"https:\\\/\\\/andreacujar.com\\\/fr_fr\\\/produit\\\/collier-tour-eiffel-femme\\\/\",\"name\":\"Collier Tour Eiffel \u2013 Bijou dor\u00e9 inspir\u00e9 de Paris\",\"isPartOf\":{\"@id\":\"https:\\\/\\\/andreacujar.com\\\/#website\"},\"primaryImageOfPage\":{\"@id\":\"https:\\\/\\\/andreacujar.com\\\/fr_fr\\\/produit\\\/collier-tour-eiffel-femme\\\/#primaryimage\"},\"image\":{\"@id\":\"https:\\\/\\\/andreacujar.com\\\/fr_fr\\\/produit\\\/collier-tour-eiffel-femme\\\/#primaryimage\"},\"thumbnailUrl\":\"https:\\\/\\\/andreacujar.com\\\/wp-content\\\/uploads\\\/2024\\\/11\\\/Tour-Eiffel-2.jpg\",\"datePublished\":\"2024-11-10T23:35:03+00:00\",\"dateModified\":\"2025-11-13T23:24:43+00:00\",\"description\":\"Sublimez vos tenues avec le Collier Tour Eiffel, un pendentif dor\u00e9 24 carats inspir\u00e9 de l\u2019Exposition Universelle de 1900. Un bijou \u00e9l\u00e9gant, intemporel et en \u00e9dition limit\u00e9e.\",\"breadcrumb\":{\"@id\":\"https:\\\/\\\/andreacujar.com\\\/fr_fr\\\/produit\\\/collier-tour-eiffel-femme\\\/#breadcrumb\"},\"inLanguage\":\"fr-FR\",\"potentialAction\":[{\"@type\":\"ReadAction\",\"target\":[\"https:\\\/\\\/andreacujar.com\\\/fr_fr\\\/produit\\\/collier-tour-eiffel-femme\\\/\"]}]},{\"@type\":\"ImageObject\",\"inLanguage\":\"fr-FR\",\"@id\":\"https:\\\/\\\/andreacujar.com\\\/fr_fr\\\/produit\\\/collier-tour-eiffel-femme\\\/#primaryimage\",\"url\":\"https:\\\/\\\/andreacujar.com\\\/wp-content\\\/uploads\\\/2024\\\/11\\\/Tour-Eiffel-2.jpg\",\"contentUrl\":\"https:\\\/\\\/andreacujar.com\\\/wp-content\\\/uploads\\\/2024\\\/11\\\/Tour-Eiffel-2.jpg\",\"width\":1080,\"height\":1080,\"caption\":\"Collection en collaboration avec LA CHOCOFISERIE. Pendentif Tour Eiffel\"},{\"@type\":\"BreadcrumbList\",\"@id\":\"https:\\\/\\\/andreacujar.com\\\/fr_fr\\\/produit\\\/collier-tour-eiffel-femme\\\/#breadcrumb\",\"itemListElement\":[{\"@type\":\"ListItem\",\"position\":1,\"name\":\"Accueil\",\"item\":\"https:\\\/\\\/andreacujar.com\\\/fr_fr\\\/\"},{\"@type\":\"ListItem\",\"position\":2,\"name\":\"Produits\",\"item\":\"https:\\\/\\\/andreacujar.com\\\/fr_fr\\\/shop\\\/\"},{\"@type\":\"ListItem\",\"position\":3,\"name\":\"Collier Tour Eiffel Femme\"}]},{\"@type\":\"WebSite\",\"@id\":\"https:\\\/\\\/andreacujar.com\\\/#website\",\"url\":\"https:\\\/\\\/andreacujar.com\\\/\",\"name\":\"ANDREA CUJAR\",\"description\":\"Artisan Bijoutier\",\"potentialAction\":[{\"@type\":\"SearchAction\",\"target\":{\"@type\":\"EntryPoint\",\"urlTemplate\":\"https:\\\/\\\/andreacujar.com\\\/?s={search_term_string}\"},\"query-input\":{\"@type\":\"PropertyValueSpecification\",\"valueRequired\":true,\"valueName\":\"search_term_string\"}}],\"inLanguage\":\"fr-FR\"}]}<\/script>\n<!-- \/ Yoast SEO plugin. -->","yoast_head_json":{"title":"Collier Tour Eiffel \u2013 Bijou dor\u00e9 inspir\u00e9 de Paris","description":"Sublimez vos tenues avec le Collier Tour Eiffel, un pendentif dor\u00e9 24 carats inspir\u00e9 de l\u2019Exposition Universelle de 1900. Un bijou \u00e9l\u00e9gant, intemporel et en \u00e9dition limit\u00e9e.","robots":{"index":"index","follow":"follow","max-snippet":"max-snippet:-1","max-image-preview":"max-image-preview:large","max-video-preview":"max-video-preview:-1"},"canonical":"https:\/\/andreacujar.com\/fr_fr\/produit\/collier-tour-eiffel-femme\/","og_locale":"fr_FR","og_type":"article","og_title":"Collier Tour Eiffel \u2013 Bijou dor\u00e9 inspir\u00e9 de Paris","og_description":"Sublimez vos tenues avec le Collier Tour Eiffel, un pendentif dor\u00e9 24 carats inspir\u00e9 de l\u2019Exposition Universelle de 1900. Un bijou \u00e9l\u00e9gant, intemporel et en \u00e9dition limit\u00e9e.","og_url":"https:\/\/andreacujar.com\/fr_fr\/produit\/collier-tour-eiffel-femme\/","og_site_name":"ANDREA CUJAR","article_modified_time":"2025-11-13T23:24:43+00:00","og_image":[{"width":1080,"height":1080,"url":"https:\/\/andreacujar.com\/wp-content\/uploads\/2024\/11\/Tour-Eiffel-2.jpg","type":"image\/jpeg"}],"twitter_card":"summary_large_image","twitter_misc":{"Dur\u00e9e de lecture estim\u00e9e":"1 minute"},"schema":{"@context":"https:\/\/schema.org","@graph":[{"@type":"WebPage","@id":"https:\/\/andreacujar.com\/fr_fr\/produit\/collier-tour-eiffel-femme\/","url":"https:\/\/andreacujar.com\/fr_fr\/produit\/collier-tour-eiffel-femme\/","name":"Collier Tour Eiffel \u2013 Bijou dor\u00e9 inspir\u00e9 de Paris","isPartOf":{"@id":"https:\/\/andreacujar.com\/#website"},"primaryImageOfPage":{"@id":"https:\/\/andreacujar.com\/fr_fr\/produit\/collier-tour-eiffel-femme\/#primaryimage"},"image":{"@id":"https:\/\/andreacujar.com\/fr_fr\/produit\/collier-tour-eiffel-femme\/#primaryimage"},"thumbnailUrl":"https:\/\/andreacujar.com\/wp-content\/uploads\/2024\/11\/Tour-Eiffel-2.jpg","datePublished":"2024-11-10T23:35:03+00:00","dateModified":"2025-11-13T23:24:43+00:00","description":"Sublimez vos tenues avec le Collier Tour Eiffel, un pendentif dor\u00e9 24 carats inspir\u00e9 de l\u2019Exposition Universelle de 1900. Un bijou \u00e9l\u00e9gant, intemporel et en \u00e9dition limit\u00e9e.","breadcrumb":{"@id":"https:\/\/andreacujar.com\/fr_fr\/produit\/collier-tour-eiffel-femme\/#breadcrumb"},"inLanguage":"fr-FR","potentialAction":[{"@type":"ReadAction","target":["https:\/\/andreacujar.com\/fr_fr\/produit\/collier-tour-eiffel-femme\/"]}]},{"@type":"ImageObject","inLanguage":"fr-FR","@id":"https:\/\/andreacujar.com\/fr_fr\/produit\/collier-tour-eiffel-femme\/#primaryimage","url":"https:\/\/andreacujar.com\/wp-content\/uploads\/2024\/11\/Tour-Eiffel-2.jpg","contentUrl":"https:\/\/andreacujar.com\/wp-content\/uploads\/2024\/11\/Tour-Eiffel-2.jpg","width":1080,"height":1080,"caption":"Collection en collaboration avec LA CHOCOFISERIE. Pendentif Tour Eiffel"},{"@type":"BreadcrumbList","@id":"https:\/\/andreacujar.com\/fr_fr\/produit\/collier-tour-eiffel-femme\/#breadcrumb","itemListElement":[{"@type":"ListItem","position":1,"name":"Accueil","item":"https:\/\/andreacujar.com\/fr_fr\/"},{"@type":"ListItem","position":2,"name":"Produits","item":"https:\/\/andreacujar.com\/fr_fr\/shop\/"},{"@type":"ListItem","position":3,"name":"Collier Tour Eiffel Femme"}]},{"@type":"WebSite","@id":"https:\/\/andreacujar.com\/#website","url":"https:\/\/andreacujar.com\/","name":"ANDREA CUJAR","description":"Artisan Bijoutier","potentialAction":[{"@type":"SearchAction","target":{"@type":"EntryPoint","urlTemplate":"https:\/\/andreacujar.com\/?s={search_term_string}"},"query-input":{"@type":"PropertyValueSpecification","valueRequired":true,"valueName":"search_term_string"}}],"inLanguage":"fr-FR"}]}},"_links":{"self":[{"href":"https:\/\/andreacujar.com\/fr_fr\/wp-json\/wp\/v2\/product\/7081","targetHints":{"allow":["GET"]}}],"collection":[{"href":"https:\/\/andreacujar.com\/fr_fr\/wp-json\/wp\/v2\/product"}],"about":[{"href":"https:\/\/andreacujar.com\/fr_fr\/wp-json\/wp\/v2\/types\/product"}],"replies":[{"embeddable":true,"href":"https:\/\/andreacujar.com\/fr_fr\/wp-json\/wp\/v2\/comments?post=7081"}],"version-history":[{"count":2,"href":"https:\/\/andreacujar.com\/fr_fr\/wp-json\/wp\/v2\/product\/7081\/revisions"}],"predecessor-version":[{"id":8367,"href":"https:\/\/andreacujar.com\/fr_fr\/wp-json\/wp\/v2\/product\/7081\/revisions\/8367"}],"wp:featuredmedia":[{"embeddable":true,"href":"https:\/\/andreacujar.com\/fr_fr\/wp-json\/wp\/v2\/media\/7552"}],"wp:attachment":[{"href":"https:\/\/andreacujar.com\/fr_fr\/wp-json\/wp\/v2\/media?parent=7081"}],"wp:term":[{"taxonomy":"product_brand","embeddable":true,"href":"https:\/\/andreacujar.com\/fr_fr\/wp-json\/wp\/v2\/product_brand?post=7081"},{"taxonomy":"product_cat","embeddable":true,"href":"https:\/\/andreacujar.com\/fr_fr\/wp-json\/wp\/v2\/product_cat?post=7081"},{"taxonomy":"product_tag","embeddable":true,"href":"https:\/\/andreacujar.com\/fr_fr\/wp-json\/wp\/v2\/product_tag?post=7081"}],"curies":[{"name":"wp","href":"https:\/\/api.w.org\/{rel}","templated":true}]}}