{"id":7564,"date":"2024-12-21T23:50:32","date_gmt":"2024-12-21T22:50:32","guid":{"rendered":"https:\/\/andreacujar.com\/?post_type=product&#038;p=7564"},"modified":"2025-08-30T21:42:03","modified_gmt":"2025-08-30T19:42:03","slug":"collier-six-arbres","status":"publish","type":"product","link":"https:\/\/andreacujar.com\/fr_fr\/produit\/collier-six-arbres\/","title":{"rendered":"Collier six arbres cisel\u00e9s femme"},"content":{"rendered":"","protected":false},"excerpt":{"rendered":"<p><strong>Collier en laiton cisel\u00e9, d\u00e9clin\u00e9 en trois finitions : or champagne, or classique et argent.<\/strong><br \/>\nCe bijou se compose d&rsquo;une cha\u00eene en trois rang\u00e9es de petites billes, agr\u00e9ment\u00e9e de six pendentifs finement cisel\u00e9s repr\u00e9sentant la canop\u00e9e des arbres de Paris. Chaque collier est une pi\u00e8ce unique, plaqu\u00e9 en or champagne trois microns, or classique trois microns et plaqu\u00e9 argent 10 micros.<\/p>\n<p><strong>\u00c9dition limit\u00e9e : seulement trois pi\u00e8ces, chacune dans une couleur diff\u00e9rente.<\/strong><br \/>\nCe collier appartient \u00e0 la collection <strong>Les Arbres de Paris<\/strong>, labellis\u00e9e \u00ab\u00a0Fabriqu\u00e9 \u00e0 Paris\u00a0\u00bb.<\/p>\n","protected":false},"featured_media":7565,"comment_status":"open","ping_status":"closed","template":"","meta":{"ocean_post_layout":"","ocean_both_sidebars_style":"","ocean_both_sidebars_content_width":0,"ocean_both_sidebars_sidebars_width":0,"ocean_sidebar":"0","ocean_second_sidebar":"0","ocean_disable_margins":"enable","ocean_add_body_class":"","ocean_shortcode_before_top_bar":"","ocean_shortcode_after_top_bar":"","ocean_shortcode_before_header":"","ocean_shortcode_after_header":"","ocean_has_shortcode":"","ocean_shortcode_after_title":"","ocean_shortcode_before_footer_widgets":"","ocean_shortcode_after_footer_widgets":"","ocean_shortcode_before_footer_bottom":"","ocean_shortcode_after_footer_bottom":"","ocean_display_top_bar":"default","ocean_display_header":"default","ocean_header_style":"","ocean_center_header_left_menu":"0","ocean_custom_header_template":"0","ocean_custom_logo":0,"ocean_custom_retina_logo":0,"ocean_custom_logo_max_width":0,"ocean_custom_logo_tablet_max_width":0,"ocean_custom_logo_mobile_max_width":0,"ocean_custom_logo_max_height":0,"ocean_custom_logo_tablet_max_height":0,"ocean_custom_logo_mobile_max_height":0,"ocean_header_custom_menu":"0","ocean_menu_typo_font_family":"0","ocean_menu_typo_font_subset":"","ocean_menu_typo_font_size":0,"ocean_menu_typo_font_size_tablet":0,"ocean_menu_typo_font_size_mobile":0,"ocean_menu_typo_font_size_unit":"px","ocean_menu_typo_font_weight":"","ocean_menu_typo_font_weight_tablet":"","ocean_menu_typo_font_weight_mobile":"","ocean_menu_typo_transform":"","ocean_menu_typo_transform_tablet":"","ocean_menu_typo_transform_mobile":"","ocean_menu_typo_line_height":0,"ocean_menu_typo_line_height_tablet":0,"ocean_menu_typo_line_height_mobile":0,"ocean_menu_typo_line_height_unit":"","ocean_menu_typo_spacing":0,"ocean_menu_typo_spacing_tablet":0,"ocean_menu_typo_spacing_mobile":0,"ocean_menu_typo_spacing_unit":"","ocean_menu_link_color":"","ocean_menu_link_color_hover":"","ocean_menu_link_color_active":"","ocean_menu_link_background":"","ocean_menu_link_hover_background":"","ocean_menu_link_active_background":"","ocean_menu_social_links_bg":"","ocean_menu_social_hover_links_bg":"","ocean_menu_social_links_color":"","ocean_menu_social_hover_links_color":"","ocean_disable_title":"default","ocean_disable_heading":"default","ocean_post_title":"","ocean_post_subheading":"","ocean_post_title_style":"","ocean_post_title_background_color":"","ocean_post_title_background":0,"ocean_post_title_bg_image_position":"","ocean_post_title_bg_image_attachment":"","ocean_post_title_bg_image_repeat":"","ocean_post_title_bg_image_size":"","ocean_post_title_height":0,"ocean_post_title_bg_overlay":0.5,"ocean_post_title_bg_overlay_color":"","ocean_disable_breadcrumbs":"default","ocean_breadcrumbs_color":"","ocean_breadcrumbs_separator_color":"","ocean_breadcrumbs_links_color":"","ocean_breadcrumbs_links_hover_color":"","ocean_display_footer_widgets":"default","ocean_display_footer_bottom":"default","ocean_custom_footer_template":"0"},"product_brand":[],"product_cat":[45],"product_tag":[63],"class_list":{"0":"post-7564","1":"product","2":"type-product","3":"status-publish","4":"has-post-thumbnail","6":"product_cat-collection-les-arbres-de-paris","7":"product_tag-collier-six-arbres-ciseles","8":"entry","9":"has-media","11":"first","12":"instock","13":"shipping-taxable","14":"purchasable","15":"product-type-simple"},"yoast_head":"<!-- This site is optimized with the Yoast SEO plugin v27.3 - https:\/\/yoast.com\/product\/yoast-seo-wordpress\/ -->\n<title>Collier six arbres cisel\u00e9s femme<\/title>\n<meta name=\"description\" content=\"Collier six arbres cisel\u00e9s pour femme, en laiton plaqu\u00e9 or et argent. Bijou unique, inspir\u00e9 des arbres de Paris, labellis\u00e9 \u00ab Fabriqu\u00e9 \u00e0 Paris \u00bb.\" \/>\n<meta name=\"robots\" content=\"index, follow, max-snippet:-1, max-image-preview:large, max-video-preview:-1\" \/>\n<link rel=\"canonical\" href=\"https:\/\/andreacujar.com\/fr_fr\/produit\/collier-six-arbres\/\" \/>\n<meta property=\"og:locale\" content=\"fr_FR\" \/>\n<meta property=\"og:type\" content=\"article\" \/>\n<meta property=\"og:title\" content=\"Collier six arbres cisel\u00e9s femme\" \/>\n<meta property=\"og:description\" content=\"Collier six arbres cisel\u00e9s pour femme, en laiton plaqu\u00e9 or et argent. Bijou unique, inspir\u00e9 des arbres de Paris, labellis\u00e9 \u00ab Fabriqu\u00e9 \u00e0 Paris \u00bb.\" \/>\n<meta property=\"og:url\" content=\"https:\/\/andreacujar.com\/fr_fr\/produit\/collier-six-arbres\/\" \/>\n<meta property=\"og:site_name\" content=\"ANDREA CUJAR\" \/>\n<meta property=\"article:modified_time\" content=\"2025-08-30T19:42:03+00:00\" \/>\n<meta property=\"og:image\" content=\"https:\/\/andreacujar.com\/wp-content\/uploads\/2024\/12\/Collier-six-arbres-Champagne.jpg\" \/>\n\t<meta property=\"og:image:width\" content=\"1080\" \/>\n\t<meta property=\"og:image:height\" content=\"1080\" \/>\n\t<meta property=\"og:image:type\" content=\"image\/jpeg\" \/>\n<meta name=\"twitter:card\" content=\"summary_large_image\" \/>\n<meta name=\"twitter:label1\" content=\"Dur\u00e9e de lecture estim\u00e9e\" \/>\n\t<meta name=\"twitter:data1\" content=\"1 minute\" \/>\n<script type=\"application\/ld+json\" class=\"yoast-schema-graph\">{\"@context\":\"https:\\\/\\\/schema.org\",\"@graph\":[{\"@type\":\"WebPage\",\"@id\":\"https:\\\/\\\/andreacujar.com\\\/fr_fr\\\/produit\\\/collier-six-arbres\\\/\",\"url\":\"https:\\\/\\\/andreacujar.com\\\/fr_fr\\\/produit\\\/collier-six-arbres\\\/\",\"name\":\"Collier six arbres cisel\u00e9s femme\",\"isPartOf\":{\"@id\":\"https:\\\/\\\/andreacujar.com\\\/#website\"},\"primaryImageOfPage\":{\"@id\":\"https:\\\/\\\/andreacujar.com\\\/fr_fr\\\/produit\\\/collier-six-arbres\\\/#primaryimage\"},\"image\":{\"@id\":\"https:\\\/\\\/andreacujar.com\\\/fr_fr\\\/produit\\\/collier-six-arbres\\\/#primaryimage\"},\"thumbnailUrl\":\"https:\\\/\\\/andreacujar.com\\\/wp-content\\\/uploads\\\/2024\\\/12\\\/Collier-six-arbres-Champagne.jpg\",\"datePublished\":\"2024-12-21T22:50:32+00:00\",\"dateModified\":\"2025-08-30T19:42:03+00:00\",\"description\":\"Collier six arbres cisel\u00e9s pour femme, en laiton plaqu\u00e9 or et argent. Bijou unique, inspir\u00e9 des arbres de Paris, labellis\u00e9 \u00ab Fabriqu\u00e9 \u00e0 Paris \u00bb.\",\"breadcrumb\":{\"@id\":\"https:\\\/\\\/andreacujar.com\\\/fr_fr\\\/produit\\\/collier-six-arbres\\\/#breadcrumb\"},\"inLanguage\":\"fr-FR\",\"potentialAction\":[{\"@type\":\"ReadAction\",\"target\":[\"https:\\\/\\\/andreacujar.com\\\/fr_fr\\\/produit\\\/collier-six-arbres\\\/\"]}]},{\"@type\":\"ImageObject\",\"inLanguage\":\"fr-FR\",\"@id\":\"https:\\\/\\\/andreacujar.com\\\/fr_fr\\\/produit\\\/collier-six-arbres\\\/#primaryimage\",\"url\":\"https:\\\/\\\/andreacujar.com\\\/wp-content\\\/uploads\\\/2024\\\/12\\\/Collier-six-arbres-Champagne.jpg\",\"contentUrl\":\"https:\\\/\\\/andreacujar.com\\\/wp-content\\\/uploads\\\/2024\\\/12\\\/Collier-six-arbres-Champagne.jpg\",\"width\":1080,\"height\":1080,\"caption\":\"Collection Les Arbres de Paris. Collier six arbres cisel\u00e9 plaqu\u00e9 or champagne\"},{\"@type\":\"BreadcrumbList\",\"@id\":\"https:\\\/\\\/andreacujar.com\\\/fr_fr\\\/produit\\\/collier-six-arbres\\\/#breadcrumb\",\"itemListElement\":[{\"@type\":\"ListItem\",\"position\":1,\"name\":\"Accueil\",\"item\":\"https:\\\/\\\/andreacujar.com\\\/fr_fr\\\/\"},{\"@type\":\"ListItem\",\"position\":2,\"name\":\"Produits\",\"item\":\"https:\\\/\\\/andreacujar.com\\\/fr_fr\\\/shop\\\/\"},{\"@type\":\"ListItem\",\"position\":3,\"name\":\"Collier six arbres cisel\u00e9s femme\"}]},{\"@type\":\"WebSite\",\"@id\":\"https:\\\/\\\/andreacujar.com\\\/#website\",\"url\":\"https:\\\/\\\/andreacujar.com\\\/\",\"name\":\"ANDREA CUJAR\",\"description\":\"Artisan Bijoutier\",\"potentialAction\":[{\"@type\":\"SearchAction\",\"target\":{\"@type\":\"EntryPoint\",\"urlTemplate\":\"https:\\\/\\\/andreacujar.com\\\/?s={search_term_string}\"},\"query-input\":{\"@type\":\"PropertyValueSpecification\",\"valueRequired\":true,\"valueName\":\"search_term_string\"}}],\"inLanguage\":\"fr-FR\"}]}<\/script>\n<!-- \/ Yoast SEO plugin. -->","yoast_head_json":{"title":"Collier six arbres cisel\u00e9s femme","description":"Collier six arbres cisel\u00e9s pour femme, en laiton plaqu\u00e9 or et argent. Bijou unique, inspir\u00e9 des arbres de Paris, labellis\u00e9 \u00ab Fabriqu\u00e9 \u00e0 Paris \u00bb.","robots":{"index":"index","follow":"follow","max-snippet":"max-snippet:-1","max-image-preview":"max-image-preview:large","max-video-preview":"max-video-preview:-1"},"canonical":"https:\/\/andreacujar.com\/fr_fr\/produit\/collier-six-arbres\/","og_locale":"fr_FR","og_type":"article","og_title":"Collier six arbres cisel\u00e9s femme","og_description":"Collier six arbres cisel\u00e9s pour femme, en laiton plaqu\u00e9 or et argent. Bijou unique, inspir\u00e9 des arbres de Paris, labellis\u00e9 \u00ab Fabriqu\u00e9 \u00e0 Paris \u00bb.","og_url":"https:\/\/andreacujar.com\/fr_fr\/produit\/collier-six-arbres\/","og_site_name":"ANDREA CUJAR","article_modified_time":"2025-08-30T19:42:03+00:00","og_image":[{"width":1080,"height":1080,"url":"https:\/\/andreacujar.com\/wp-content\/uploads\/2024\/12\/Collier-six-arbres-Champagne.jpg","type":"image\/jpeg"}],"twitter_card":"summary_large_image","twitter_misc":{"Dur\u00e9e de lecture estim\u00e9e":"1 minute"},"schema":{"@context":"https:\/\/schema.org","@graph":[{"@type":"WebPage","@id":"https:\/\/andreacujar.com\/fr_fr\/produit\/collier-six-arbres\/","url":"https:\/\/andreacujar.com\/fr_fr\/produit\/collier-six-arbres\/","name":"Collier six arbres cisel\u00e9s femme","isPartOf":{"@id":"https:\/\/andreacujar.com\/#website"},"primaryImageOfPage":{"@id":"https:\/\/andreacujar.com\/fr_fr\/produit\/collier-six-arbres\/#primaryimage"},"image":{"@id":"https:\/\/andreacujar.com\/fr_fr\/produit\/collier-six-arbres\/#primaryimage"},"thumbnailUrl":"https:\/\/andreacujar.com\/wp-content\/uploads\/2024\/12\/Collier-six-arbres-Champagne.jpg","datePublished":"2024-12-21T22:50:32+00:00","dateModified":"2025-08-30T19:42:03+00:00","description":"Collier six arbres cisel\u00e9s pour femme, en laiton plaqu\u00e9 or et argent. Bijou unique, inspir\u00e9 des arbres de Paris, labellis\u00e9 \u00ab Fabriqu\u00e9 \u00e0 Paris \u00bb.","breadcrumb":{"@id":"https:\/\/andreacujar.com\/fr_fr\/produit\/collier-six-arbres\/#breadcrumb"},"inLanguage":"fr-FR","potentialAction":[{"@type":"ReadAction","target":["https:\/\/andreacujar.com\/fr_fr\/produit\/collier-six-arbres\/"]}]},{"@type":"ImageObject","inLanguage":"fr-FR","@id":"https:\/\/andreacujar.com\/fr_fr\/produit\/collier-six-arbres\/#primaryimage","url":"https:\/\/andreacujar.com\/wp-content\/uploads\/2024\/12\/Collier-six-arbres-Champagne.jpg","contentUrl":"https:\/\/andreacujar.com\/wp-content\/uploads\/2024\/12\/Collier-six-arbres-Champagne.jpg","width":1080,"height":1080,"caption":"Collection Les Arbres de Paris. Collier six arbres cisel\u00e9 plaqu\u00e9 or champagne"},{"@type":"BreadcrumbList","@id":"https:\/\/andreacujar.com\/fr_fr\/produit\/collier-six-arbres\/#breadcrumb","itemListElement":[{"@type":"ListItem","position":1,"name":"Accueil","item":"https:\/\/andreacujar.com\/fr_fr\/"},{"@type":"ListItem","position":2,"name":"Produits","item":"https:\/\/andreacujar.com\/fr_fr\/shop\/"},{"@type":"ListItem","position":3,"name":"Collier six arbres cisel\u00e9s femme"}]},{"@type":"WebSite","@id":"https:\/\/andreacujar.com\/#website","url":"https:\/\/andreacujar.com\/","name":"ANDREA CUJAR","description":"Artisan Bijoutier","potentialAction":[{"@type":"SearchAction","target":{"@type":"EntryPoint","urlTemplate":"https:\/\/andreacujar.com\/?s={search_term_string}"},"query-input":{"@type":"PropertyValueSpecification","valueRequired":true,"valueName":"search_term_string"}}],"inLanguage":"fr-FR"}]}},"_links":{"self":[{"href":"https:\/\/andreacujar.com\/fr_fr\/wp-json\/wp\/v2\/product\/7564","targetHints":{"allow":["GET"]}}],"collection":[{"href":"https:\/\/andreacujar.com\/fr_fr\/wp-json\/wp\/v2\/product"}],"about":[{"href":"https:\/\/andreacujar.com\/fr_fr\/wp-json\/wp\/v2\/types\/product"}],"replies":[{"embeddable":true,"href":"https:\/\/andreacujar.com\/fr_fr\/wp-json\/wp\/v2\/comments?post=7564"}],"version-history":[{"count":2,"href":"https:\/\/andreacujar.com\/fr_fr\/wp-json\/wp\/v2\/product\/7564\/revisions"}],"predecessor-version":[{"id":8301,"href":"https:\/\/andreacujar.com\/fr_fr\/wp-json\/wp\/v2\/product\/7564\/revisions\/8301"}],"wp:featuredmedia":[{"embeddable":true,"href":"https:\/\/andreacujar.com\/fr_fr\/wp-json\/wp\/v2\/media\/7565"}],"wp:attachment":[{"href":"https:\/\/andreacujar.com\/fr_fr\/wp-json\/wp\/v2\/media?parent=7564"}],"wp:term":[{"taxonomy":"product_brand","embeddable":true,"href":"https:\/\/andreacujar.com\/fr_fr\/wp-json\/wp\/v2\/product_brand?post=7564"},{"taxonomy":"product_cat","embeddable":true,"href":"https:\/\/andreacujar.com\/fr_fr\/wp-json\/wp\/v2\/product_cat?post=7564"},{"taxonomy":"product_tag","embeddable":true,"href":"https:\/\/andreacujar.com\/fr_fr\/wp-json\/wp\/v2\/product_tag?post=7564"}],"curies":[{"name":"wp","href":"https:\/\/api.w.org\/{rel}","templated":true}]}}