{"id":7602,"date":"2025-01-09T02:41:31","date_gmt":"2025-01-09T01:41:31","guid":{"rendered":"https:\/\/andreacujar.com\/?post_type=product&#038;p=7602"},"modified":"2025-11-13T22:16:49","modified_gmt":"2025-11-13T21:16:49","slug":"symbole-magique-pour-etre-invisible","status":"publish","type":"product","link":"https:\/\/andreacujar.com\/fr_fr\/produit\/symbole-magique-pour-etre-invisible\/","title":{"rendered":"M\u00e9daille avec le symbole magique pour \u00eatre invisible"},"content":{"rendered":"","protected":false},"excerpt":{"rendered":"<p>Mot magique : aa gg<br \/>\nOrigine : Manuscrit du XVe\u2013XVIe si\u00e8cle, Biblioth\u00e8que de Heidelberg<br \/>\nSignification : Lib\u00e9ration des blocages et protection contre les n\u00e9gativit\u00e9s.<br \/>\nCe sceau magique inclut les lettres aa gg \u00e0 l\u2019int\u00e9rieur d\u2019un cercle avec une croix, con\u00e7u \u00e0 l\u2019origine pour lib\u00e9rer le porteur des contraintes et le rendre \u00ab\u00a0invisible\u00a0\u00bb aux \u00e9nergies n\u00e9gatives. Sur la m\u00e9daille, les lettres sont grav\u00e9es en relief concave, permettant de l\u2019utiliser comme sceau \u00e0 cire.<br \/>\nComment l\u2019utiliser :<br \/>\nPortez cette m\u00e9daille pour vous lib\u00e9rer des blocages personnels et \u00e9viter que les n\u00e9gativit\u00e9s ne vous atteignent.<\/p>\n<p><strong data-start=\"2402\" data-end=\"2437\">D\u00e9couvrez toute la collection :<\/strong><br data-start=\"2437\" data-end=\"2440\" \/><a class=\"\" href=\"https:\/\/andreacujar.com\/fr_fr\/collection-les-mots-magiques-bijoux-porte-bonheur\/\" target=\"_new\" rel=\"noopener\" data-start=\"2440\" data-end=\"2564\">Les Mots Magiques \u2013 Bijoux porte-bonheur<\/a><\/p>\n","protected":false},"featured_media":7649,"comment_status":"open","ping_status":"closed","template":"","meta":{"ocean_post_layout":"","ocean_both_sidebars_style":"","ocean_both_sidebars_content_width":0,"ocean_both_sidebars_sidebars_width":0,"ocean_sidebar":"0","ocean_second_sidebar":"0","ocean_disable_margins":"enable","ocean_add_body_class":"","ocean_shortcode_before_top_bar":"","ocean_shortcode_after_top_bar":"","ocean_shortcode_before_header":"","ocean_shortcode_after_header":"","ocean_has_shortcode":"","ocean_shortcode_after_title":"","ocean_shortcode_before_footer_widgets":"","ocean_shortcode_after_footer_widgets":"","ocean_shortcode_before_footer_bottom":"","ocean_shortcode_after_footer_bottom":"","ocean_display_top_bar":"default","ocean_display_header":"default","ocean_header_style":"","ocean_center_header_left_menu":"0","ocean_custom_header_template":"0","ocean_custom_logo":0,"ocean_custom_retina_logo":0,"ocean_custom_logo_max_width":0,"ocean_custom_logo_tablet_max_width":0,"ocean_custom_logo_mobile_max_width":0,"ocean_custom_logo_max_height":0,"ocean_custom_logo_tablet_max_height":0,"ocean_custom_logo_mobile_max_height":0,"ocean_header_custom_menu":"0","ocean_menu_typo_font_family":"0","ocean_menu_typo_font_subset":"","ocean_menu_typo_font_size":0,"ocean_menu_typo_font_size_tablet":0,"ocean_menu_typo_font_size_mobile":0,"ocean_menu_typo_font_size_unit":"px","ocean_menu_typo_font_weight":"","ocean_menu_typo_font_weight_tablet":"","ocean_menu_typo_font_weight_mobile":"","ocean_menu_typo_transform":"","ocean_menu_typo_transform_tablet":"","ocean_menu_typo_transform_mobile":"","ocean_menu_typo_line_height":0,"ocean_menu_typo_line_height_tablet":0,"ocean_menu_typo_line_height_mobile":0,"ocean_menu_typo_line_height_unit":"","ocean_menu_typo_spacing":0,"ocean_menu_typo_spacing_tablet":0,"ocean_menu_typo_spacing_mobile":0,"ocean_menu_typo_spacing_unit":"","ocean_menu_link_color":"","ocean_menu_link_color_hover":"","ocean_menu_link_color_active":"","ocean_menu_link_background":"","ocean_menu_link_hover_background":"","ocean_menu_link_active_background":"","ocean_menu_social_links_bg":"","ocean_menu_social_hover_links_bg":"","ocean_menu_social_links_color":"","ocean_menu_social_hover_links_color":"","ocean_disable_title":"default","ocean_disable_heading":"default","ocean_post_title":"","ocean_post_subheading":"","ocean_post_title_style":"","ocean_post_title_background_color":"","ocean_post_title_background":0,"ocean_post_title_bg_image_position":"","ocean_post_title_bg_image_attachment":"","ocean_post_title_bg_image_repeat":"","ocean_post_title_bg_image_size":"","ocean_post_title_height":0,"ocean_post_title_bg_overlay":0.5,"ocean_post_title_bg_overlay_color":"","ocean_disable_breadcrumbs":"default","ocean_breadcrumbs_color":"","ocean_breadcrumbs_separator_color":"","ocean_breadcrumbs_links_color":"","ocean_breadcrumbs_links_hover_color":"","ocean_display_footer_widgets":"default","ocean_display_footer_bottom":"default","ocean_custom_footer_template":"0"},"product_brand":[],"product_cat":[46],"product_tag":[65],"class_list":{"0":"post-7602","1":"product","2":"type-product","3":"status-publish","4":"has-post-thumbnail","6":"product_cat-collection-les-mots-magiques","7":"product_tag-medaille-en-laiton-dore-a-lor-fin-24k-1micron","8":"entry","9":"has-media","11":"first","12":"instock","13":"shipping-taxable","14":"purchasable","15":"product-type-simple"},"yoast_head":"<!-- This site is optimized with the Yoast SEO plugin v27.4 - https:\/\/yoast.com\/product\/yoast-seo-wordpress\/ -->\n<title>M\u00e9daille avec le symbole magique pour \u00eatre invisible - ANDREA CUJAR<\/title>\n<meta name=\"description\" content=\"M\u00e9daille magique aa gg : symbole ancien pour lib\u00e9rer des blocages et rester invisible aux \u00e9nergies n\u00e9gatives. Un talisman protecteur unique.\" \/>\n<meta name=\"robots\" content=\"index, follow, max-snippet:-1, max-image-preview:large, max-video-preview:-1\" \/>\n<link rel=\"canonical\" href=\"https:\/\/andreacujar.com\/fr_fr\/produit\/symbole-magique-pour-etre-invisible\/\" \/>\n<meta property=\"og:locale\" content=\"fr_FR\" \/>\n<meta property=\"og:type\" content=\"article\" \/>\n<meta property=\"og:title\" content=\"M\u00e9daille avec le symbole magique pour \u00eatre invisible - ANDREA CUJAR\" \/>\n<meta property=\"og:description\" content=\"M\u00e9daille magique aa gg : symbole ancien pour lib\u00e9rer des blocages et rester invisible aux \u00e9nergies n\u00e9gatives. Un talisman protecteur unique.\" \/>\n<meta property=\"og:url\" content=\"https:\/\/andreacujar.com\/fr_fr\/produit\/symbole-magique-pour-etre-invisible\/\" \/>\n<meta property=\"og:site_name\" content=\"ANDREA CUJAR\" \/>\n<meta property=\"article:modified_time\" content=\"2025-11-13T21:16:49+00:00\" \/>\n<meta property=\"og:image\" content=\"https:\/\/andreacujar.com\/wp-content\/uploads\/2025\/01\/Symbole-magique-pour-etre-invisible.jpg\" \/>\n\t<meta property=\"og:image:width\" content=\"1080\" \/>\n\t<meta property=\"og:image:height\" content=\"1080\" \/>\n\t<meta property=\"og:image:type\" content=\"image\/jpeg\" \/>\n<meta name=\"twitter:card\" content=\"summary_large_image\" \/>\n<meta name=\"twitter:label1\" content=\"Dur\u00e9e de lecture estim\u00e9e\" \/>\n\t<meta name=\"twitter:data1\" content=\"1 minute\" \/>\n<script type=\"application\/ld+json\" class=\"yoast-schema-graph\">{\"@context\":\"https:\\\/\\\/schema.org\",\"@graph\":[{\"@type\":\"WebPage\",\"@id\":\"https:\\\/\\\/andreacujar.com\\\/fr_fr\\\/produit\\\/symbole-magique-pour-etre-invisible\\\/\",\"url\":\"https:\\\/\\\/andreacujar.com\\\/fr_fr\\\/produit\\\/symbole-magique-pour-etre-invisible\\\/\",\"name\":\"M\u00e9daille avec le symbole magique pour \u00eatre invisible - ANDREA CUJAR\",\"isPartOf\":{\"@id\":\"https:\\\/\\\/andreacujar.com\\\/#website\"},\"primaryImageOfPage\":{\"@id\":\"https:\\\/\\\/andreacujar.com\\\/fr_fr\\\/produit\\\/symbole-magique-pour-etre-invisible\\\/#primaryimage\"},\"image\":{\"@id\":\"https:\\\/\\\/andreacujar.com\\\/fr_fr\\\/produit\\\/symbole-magique-pour-etre-invisible\\\/#primaryimage\"},\"thumbnailUrl\":\"https:\\\/\\\/andreacujar.com\\\/wp-content\\\/uploads\\\/2025\\\/01\\\/Symbole-magique-pour-etre-invisible.jpg\",\"datePublished\":\"2025-01-09T01:41:31+00:00\",\"dateModified\":\"2025-11-13T21:16:49+00:00\",\"description\":\"M\u00e9daille magique aa gg : symbole ancien pour lib\u00e9rer des blocages et rester invisible aux \u00e9nergies n\u00e9gatives. Un talisman protecteur unique.\",\"breadcrumb\":{\"@id\":\"https:\\\/\\\/andreacujar.com\\\/fr_fr\\\/produit\\\/symbole-magique-pour-etre-invisible\\\/#breadcrumb\"},\"inLanguage\":\"fr-FR\",\"potentialAction\":[{\"@type\":\"ReadAction\",\"target\":[\"https:\\\/\\\/andreacujar.com\\\/fr_fr\\\/produit\\\/symbole-magique-pour-etre-invisible\\\/\"]}]},{\"@type\":\"ImageObject\",\"inLanguage\":\"fr-FR\",\"@id\":\"https:\\\/\\\/andreacujar.com\\\/fr_fr\\\/produit\\\/symbole-magique-pour-etre-invisible\\\/#primaryimage\",\"url\":\"https:\\\/\\\/andreacujar.com\\\/wp-content\\\/uploads\\\/2025\\\/01\\\/Symbole-magique-pour-etre-invisible.jpg\",\"contentUrl\":\"https:\\\/\\\/andreacujar.com\\\/wp-content\\\/uploads\\\/2025\\\/01\\\/Symbole-magique-pour-etre-invisible.jpg\",\"width\":1080,\"height\":1080,\"caption\":\"Collection Les mots magiques. Symbole magique pour \u00eatre invisible.\"},{\"@type\":\"BreadcrumbList\",\"@id\":\"https:\\\/\\\/andreacujar.com\\\/fr_fr\\\/produit\\\/symbole-magique-pour-etre-invisible\\\/#breadcrumb\",\"itemListElement\":[{\"@type\":\"ListItem\",\"position\":1,\"name\":\"Accueil\",\"item\":\"https:\\\/\\\/andreacujar.com\\\/fr_fr\\\/\"},{\"@type\":\"ListItem\",\"position\":2,\"name\":\"Produits\",\"item\":\"https:\\\/\\\/andreacujar.com\\\/fr_fr\\\/shop\\\/\"},{\"@type\":\"ListItem\",\"position\":3,\"name\":\"M\u00e9daille avec le symbole magique pour \u00eatre invisible\"}]},{\"@type\":\"WebSite\",\"@id\":\"https:\\\/\\\/andreacujar.com\\\/#website\",\"url\":\"https:\\\/\\\/andreacujar.com\\\/\",\"name\":\"ANDREA CUJAR\",\"description\":\"Artisan Bijoutier\",\"potentialAction\":[{\"@type\":\"SearchAction\",\"target\":{\"@type\":\"EntryPoint\",\"urlTemplate\":\"https:\\\/\\\/andreacujar.com\\\/?s={search_term_string}\"},\"query-input\":{\"@type\":\"PropertyValueSpecification\",\"valueRequired\":true,\"valueName\":\"search_term_string\"}}],\"inLanguage\":\"fr-FR\"}]}<\/script>\n<!-- \/ Yoast SEO plugin. -->","yoast_head_json":{"title":"M\u00e9daille avec le symbole magique pour \u00eatre invisible - ANDREA CUJAR","description":"M\u00e9daille magique aa gg : symbole ancien pour lib\u00e9rer des blocages et rester invisible aux \u00e9nergies n\u00e9gatives. Un talisman protecteur unique.","robots":{"index":"index","follow":"follow","max-snippet":"max-snippet:-1","max-image-preview":"max-image-preview:large","max-video-preview":"max-video-preview:-1"},"canonical":"https:\/\/andreacujar.com\/fr_fr\/produit\/symbole-magique-pour-etre-invisible\/","og_locale":"fr_FR","og_type":"article","og_title":"M\u00e9daille avec le symbole magique pour \u00eatre invisible - ANDREA CUJAR","og_description":"M\u00e9daille magique aa gg : symbole ancien pour lib\u00e9rer des blocages et rester invisible aux \u00e9nergies n\u00e9gatives. Un talisman protecteur unique.","og_url":"https:\/\/andreacujar.com\/fr_fr\/produit\/symbole-magique-pour-etre-invisible\/","og_site_name":"ANDREA CUJAR","article_modified_time":"2025-11-13T21:16:49+00:00","og_image":[{"width":1080,"height":1080,"url":"https:\/\/andreacujar.com\/wp-content\/uploads\/2025\/01\/Symbole-magique-pour-etre-invisible.jpg","type":"image\/jpeg"}],"twitter_card":"summary_large_image","twitter_misc":{"Dur\u00e9e de lecture estim\u00e9e":"1 minute"},"schema":{"@context":"https:\/\/schema.org","@graph":[{"@type":"WebPage","@id":"https:\/\/andreacujar.com\/fr_fr\/produit\/symbole-magique-pour-etre-invisible\/","url":"https:\/\/andreacujar.com\/fr_fr\/produit\/symbole-magique-pour-etre-invisible\/","name":"M\u00e9daille avec le symbole magique pour \u00eatre invisible - ANDREA CUJAR","isPartOf":{"@id":"https:\/\/andreacujar.com\/#website"},"primaryImageOfPage":{"@id":"https:\/\/andreacujar.com\/fr_fr\/produit\/symbole-magique-pour-etre-invisible\/#primaryimage"},"image":{"@id":"https:\/\/andreacujar.com\/fr_fr\/produit\/symbole-magique-pour-etre-invisible\/#primaryimage"},"thumbnailUrl":"https:\/\/andreacujar.com\/wp-content\/uploads\/2025\/01\/Symbole-magique-pour-etre-invisible.jpg","datePublished":"2025-01-09T01:41:31+00:00","dateModified":"2025-11-13T21:16:49+00:00","description":"M\u00e9daille magique aa gg : symbole ancien pour lib\u00e9rer des blocages et rester invisible aux \u00e9nergies n\u00e9gatives. Un talisman protecteur unique.","breadcrumb":{"@id":"https:\/\/andreacujar.com\/fr_fr\/produit\/symbole-magique-pour-etre-invisible\/#breadcrumb"},"inLanguage":"fr-FR","potentialAction":[{"@type":"ReadAction","target":["https:\/\/andreacujar.com\/fr_fr\/produit\/symbole-magique-pour-etre-invisible\/"]}]},{"@type":"ImageObject","inLanguage":"fr-FR","@id":"https:\/\/andreacujar.com\/fr_fr\/produit\/symbole-magique-pour-etre-invisible\/#primaryimage","url":"https:\/\/andreacujar.com\/wp-content\/uploads\/2025\/01\/Symbole-magique-pour-etre-invisible.jpg","contentUrl":"https:\/\/andreacujar.com\/wp-content\/uploads\/2025\/01\/Symbole-magique-pour-etre-invisible.jpg","width":1080,"height":1080,"caption":"Collection Les mots magiques. Symbole magique pour \u00eatre invisible."},{"@type":"BreadcrumbList","@id":"https:\/\/andreacujar.com\/fr_fr\/produit\/symbole-magique-pour-etre-invisible\/#breadcrumb","itemListElement":[{"@type":"ListItem","position":1,"name":"Accueil","item":"https:\/\/andreacujar.com\/fr_fr\/"},{"@type":"ListItem","position":2,"name":"Produits","item":"https:\/\/andreacujar.com\/fr_fr\/shop\/"},{"@type":"ListItem","position":3,"name":"M\u00e9daille avec le symbole magique pour \u00eatre invisible"}]},{"@type":"WebSite","@id":"https:\/\/andreacujar.com\/#website","url":"https:\/\/andreacujar.com\/","name":"ANDREA CUJAR","description":"Artisan Bijoutier","potentialAction":[{"@type":"SearchAction","target":{"@type":"EntryPoint","urlTemplate":"https:\/\/andreacujar.com\/?s={search_term_string}"},"query-input":{"@type":"PropertyValueSpecification","valueRequired":true,"valueName":"search_term_string"}}],"inLanguage":"fr-FR"}]}},"_links":{"self":[{"href":"https:\/\/andreacujar.com\/fr_fr\/wp-json\/wp\/v2\/product\/7602","targetHints":{"allow":["GET"]}}],"collection":[{"href":"https:\/\/andreacujar.com\/fr_fr\/wp-json\/wp\/v2\/product"}],"about":[{"href":"https:\/\/andreacujar.com\/fr_fr\/wp-json\/wp\/v2\/types\/product"}],"replies":[{"embeddable":true,"href":"https:\/\/andreacujar.com\/fr_fr\/wp-json\/wp\/v2\/comments?post=7602"}],"version-history":[{"count":3,"href":"https:\/\/andreacujar.com\/fr_fr\/wp-json\/wp\/v2\/product\/7602\/revisions"}],"predecessor-version":[{"id":8319,"href":"https:\/\/andreacujar.com\/fr_fr\/wp-json\/wp\/v2\/product\/7602\/revisions\/8319"}],"wp:featuredmedia":[{"embeddable":true,"href":"https:\/\/andreacujar.com\/fr_fr\/wp-json\/wp\/v2\/media\/7649"}],"wp:attachment":[{"href":"https:\/\/andreacujar.com\/fr_fr\/wp-json\/wp\/v2\/media?parent=7602"}],"wp:term":[{"taxonomy":"product_brand","embeddable":true,"href":"https:\/\/andreacujar.com\/fr_fr\/wp-json\/wp\/v2\/product_brand?post=7602"},{"taxonomy":"product_cat","embeddable":true,"href":"https:\/\/andreacujar.com\/fr_fr\/wp-json\/wp\/v2\/product_cat?post=7602"},{"taxonomy":"product_tag","embeddable":true,"href":"https:\/\/andreacujar.com\/fr_fr\/wp-json\/wp\/v2\/product_tag?post=7602"}],"curies":[{"name":"wp","href":"https:\/\/api.w.org\/{rel}","templated":true}]}}